{"id":1819,"date":"2019-12-18T06:18:10","date_gmt":"2019-12-18T05:18:10","guid":{"rendered":"https:\/\/staging2021.gossuin.com\/contact\/"},"modified":"2022-11-19T11:08:26","modified_gmt":"2022-11-19T10:08:26","slug":"contact","status":"publish","type":"page","link":"https:\/\/www.gossuin.com\/fr\/contact\/","title":{"rendered":"Comment nous contacter"},"content":{"rendered":"\n<div class=\"wp-block-group contact-header__wrapper\"><div class=\"wp-block-group__inner-container is-layout-flow wp-block-group-is-layout-flow\">\n<h2 class=\"wp-block-heading\">Besoin de conseil, d&rsquo;aide ou simplement envie de nous adresser un mot?<\/h2>\n\n\n\n<p>Nous adorons partager notre passion du v\u00eatement. Aucune question n&rsquo;est trop basique ou avanc\u00e9e, vraiment aucune !<\/p>\n\n\n\n<p>Nous ne serons satisfaits que lorsque que vous aurez la r\u00e9ponse \u00e0 vos questions.<\/p>\n\n\n\n<p>Ceci \u00e9tant dit, comme nous avons aussi des vies personnelles, attendez vous \u00e0 des d\u00e9lais de r\u00e9ponse un peu plus longs les WE et en soir\u00e9e.<\/p>\n<\/div><\/div>\n\n<div class=\"wp-block-group alignwide contact-ways__wrapper\"><div class=\"wp-block-group__inner-container is-layout-flow wp-block-group-is-layout-flow\">\n<div class=\"wp-block-columns alignwide contact-ways__wrapper is-layout-flex wp-container-core-columns-is-layout-28f84493 wp-block-columns-is-layout-flex\">\n<div class=\"wp-block-column is-layout-flow wp-block-column-is-layout-flow\">\n<span class=\"svg-icon__bg icon--email\"><\/span>\r\n\n\n\n<h2 class=\"wp-block-heading\">Email<\/h2>\n\n\n\n<p class=\"email-address\">Envoyez nous un email et obtenez une r\u00e9ponse personnalis\u00e9e en quelques heures:&#13;\n<a id=\"contact-email-link\" href=\"mailto:contact@gossuin.com\" target=\"_top\" rel=\"noopener noreferrer\">contact@gossuin.com<\/a>&#13;\n<\/p>\n<\/div>\n\n\n\n<div class=\"wp-block-column is-layout-flow wp-block-column-is-layout-flow\">\n<span class=\"svg-icon__bg icon--chat\"><\/span>\r\n\n\n\n<h2 class=\"wp-block-heading\">Chat<\/h2>\n\n\n\n<p>Chatez avec nous d\u00e8s maintenant et parler \u00e0 un vrai humain. Garanti sans robot !<\/p>\n\n\n<button class=\"button button--yellow\" onclick=\"window.HubSpotConversations.widget.open()\">Nous parler sur le chat<\/button>\n<\/div>\n\n\n\n<div class=\"wp-block-column mail-card is-layout-flow wp-block-column-is-layout-flow\">\n<span class=\"svg-icon__bg icon--mail\"><\/span>\r\n\n\n\n<h2 class=\"wp-block-heading\">Mail<\/h2>\n\n\n\n<p>Vous ne pouvez pas vous passer d&rsquo;un bon cachet de cire? Envoyez nous vos lettres d&rsquo;amour et meilleurs po\u00e8mes \u00e0:<\/p>\n\n\n\n<p class=\"has-text-align-center\"><strong>AWARE \/ GOSSUIN<\/strong><br\/>62 rue Amelot<br\/>75011 Paris<br\/>France<\/p>\n<\/div>\n<\/div>\n<\/div><\/div>\n","protected":false},"excerpt":{"rendered":"<p>Besoin de conseil, d&rsquo;aide ou simplement envie de nous adresser un mot? Nous adorons partager notre passion du v\u00eatement. Aucune question n&rsquo;est trop basique ou avanc\u00e9e, vraiment aucune ! Nous ne serons satisfaits que lorsque que vous aurez la r\u00e9ponse \u00e0 vos questions. Ceci \u00e9tant dit, comme nous avons aussi des vies personnelles, attendez vous [&hellip;]<\/p>\n","protected":false},"author":1,"featured_media":0,"parent":0,"menu_order":0,"comment_status":"closed","ping_status":"closed","template":"","meta":{"_acf_changed":false,"footnotes":""},"class_list":["post-1819","page","type-page","status-publish","hentry"],"acf":[],"aioseo_notices":[],"_links":{"self":[{"href":"https:\/\/www.gossuin.com\/fr\/wp-json\/wp\/v2\/pages\/1819","targetHints":{"allow":["GET"]}}],"collection":[{"href":"https:\/\/www.gossuin.com\/fr\/wp-json\/wp\/v2\/pages"}],"about":[{"href":"https:\/\/www.gossuin.com\/fr\/wp-json\/wp\/v2\/types\/page"}],"author":[{"embeddable":true,"href":"https:\/\/www.gossuin.com\/fr\/wp-json\/wp\/v2\/users\/1"}],"replies":[{"embeddable":true,"href":"https:\/\/www.gossuin.com\/fr\/wp-json\/wp\/v2\/comments?post=1819"}],"version-history":[{"count":0,"href":"https:\/\/www.gossuin.com\/fr\/wp-json\/wp\/v2\/pages\/1819\/revisions"}],"wp:attachment":[{"href":"https:\/\/www.gossuin.com\/fr\/wp-json\/wp\/v2\/media?parent=1819"}],"curies":[{"name":"wp","href":"https:\/\/api.w.org\/{rel}","templated":true}]}}