{"id":1834,"date":"2019-12-18T06:37:13","date_gmt":"2019-12-18T05:37:13","guid":{"rendered":"https:\/\/staging2021.gossuin.com\/notre-methode-2\/"},"modified":"2019-12-20T18:05:36","modified_gmt":"2019-12-20T17:05:36","slug":"methode","status":"publish","type":"page","link":"https:\/\/www.gossuin.com\/fr\/methode\/","title":{"rendered":"Notre m\u00e9thode"},"content":{"rendered":"<header class=\"entry-header\">\r\n<h1 class=\"entry-header cover__title\">Notre m\u00e9thode<\/h1>\r\n<div id=\"short-concept\" class=\"section-of-content\">\r\n<p id=\"short-concept-1\">Chez GOSSUIN, nous cr\u00e9ons des v\u00eatements singuliers, de haute qualit\u00e9 et con\u00e7us pour durer<\/p>\r\n<p id=\"short-concept-2\">Nous imaginons un vestiaire masculin aux formes pures, architecturales et g\u00e9om\u00e9triques: un design fort et assum\u00e9 sans jamais tomber dans l\u2019excentricit\u00e9<\/p>\r\n<p id=\"short-concept-3\">Nous avons pour ambition de r\u00e9concilier style &amp; confort en imaginant des fa\u00e7ons uniques de construire et assembler nos v\u00eatements<\/p>\r\n<p id=\"short-concept-4\">Nous croyons en une vision diff\u00e9rente de la production et de la distribution de v\u00eatements, les yeux grands ouverts et sans aucun compromis, dans laquelle notre communaut\u00e9 participe activement<\/p>\r\n<\/div>\r\n<\/header>\r\n<section id=\"manifesto\" class=\"section-of-content\"><header class=\"section-of-content__header\">\r\n<h2 class=\"section-of-content__title\">Manifeste<\/h2>\r\n<nav>\r\n<ol>\r\n<li>Design avant tout<\/li>\r\n<li>Style &amp; confort<\/li>\r\n<li>Qualit\u00e9 sup\u00e9rieure<\/li>\r\n<li>Prix ajust\u00e9<\/li>\r\n<li>\u00c9thique en pratique<\/li>\r\n<li>Mouvement<\/li>\r\n<\/ol>\r\n<\/nav><\/header>\r\n<section class=\"section-of-content__sub-section\"><header>\r\n<h3>Design avant tout<\/h3>\r\n<\/header>\r\n<div>\r\n<h4>Moins, mieux<\/h4>\r\n<p>Nous croyons en une cr\u00e9ation frugale. Nous prenons le temps de mat\u00e9rialiser une poign\u00e9e d\u2019id\u00e9es fortes, l\u2019une apr\u00e8s l\u2019autre sans jamais c\u00e9der au calendrier de la mode, aux tendances ou au dictat de la nouveaut\u00e9.<\/p>\r\n<\/div>\r\n<div>\r\n<h4>Singularit\u00e9<\/h4>\r\n<p>Nous imaginons des v\u00eatements masculins et distinctifs, avec des formes pures et architecturales, faciles \u00e0 porter sans \u00eatre fades, banals ou excentriques.<\/p>\r\n<\/div>\r\n<\/section>\r\n<section class=\"section-of-content__sub-section\"><header>\r\n<h3>Style &amp; confort<\/h3>\r\n<\/header>\r\n<div>\r\n<h4>Ajust\u00e9 mais confortable<\/h4>\r\n<p>Impensable? Nous nous sommes plong\u00e9s dans l\u2019histoire du v\u00eatement et avons dessin\u00e9 une fa\u00e7on unique d\u2019assembler la chemise GOSSUIN. Le temps de confection est doubl\u00e9 mais on a d\u00e9termin\u00e9 que cela valait le coup en termes d\u2019ergonomie, de confort et de durabilit\u00e9.<\/p>\r\n<\/div>\r\n<div>\r\n<h4>La r\u00e9gression a du bon<\/h4>\r\n<p>Nous avons \u00e9galement exploit\u00e9 des donn\u00e9es anthropom\u00e9triques pour calibrer une coupe parfaitement ajust\u00e9e, valid\u00e9e par l\u2019\u0153il expert d\u2019Alain naturellement.<\/p>\r\n<\/div>\r\n<\/section>\r\n<section class=\"section-of-content__sub-section\"><header>\r\n<h3>Qualit\u00e9 sup\u00e9rieure<\/h3>\r\n<\/header>\r\n<div>\r\n<h4>Une obsession de qualit\u00e9<\/h4>\r\n<p>Nous travaillons nos v\u00eatements sous toutes les coutures pour qu\u2019ils soient magnifiques, robustes et durables.<\/p>\r\n<\/div>\r\n<div>\r\n<h4>Made in Europe<\/h4>\r\n<p>Nous avons sillonn\u00e9 l\u2019Europe pour trouver des ateliers qui partagent notre vision de la qualit\u00e9 et de la pr\u00e9cision. Pour \u00e9viter les biais, nous avons choisi nos fournisseurs en double aveugle avec le seul prototype sous les yeux. Douze prototypes plus tard, nos chemises sont garanties 100% made in Europe.<\/p>\r\n<\/div>\r\n<\/section>\r\n<section class=\"section-of-content__sub-section\"><header>\r\n<h3>Prix ajust\u00e9<\/h3>\r\n<\/header>\r\n<div>\r\n<h4>Se concentrer sur l\u2019essentiel<\/h4>\r\n<p>Nous optimisons nos prix en refusant l\u2019absurdit\u00e9 des soldes, en produisant peu de stock, en limitant notre budget marketing \u00e0 l\u2019essentiel et en se concentrant sur quelques r\u00e9f\u00e9rences \u00ab parfaites \u00bb.<\/p>\r\n<\/div>\r\n<div>\r\n<h4>La d\u00e9cence a un prix<\/h4>\r\n<p>Parce qu\u2019un prix juste on ne sait toujours pas ce que c\u2019est, nous proposons un prix ajust\u00e9 qui garantit une r\u00e9mun\u00e9ration et un environnement de travail d\u00e9cent pour nos fournisseurs ainsi que pour nos collaborateurs.<\/p>\r\n<\/div>\r\n<div>\r\n<h4>Pr\u00e9commandes<\/h4>\r\n<p>Nous vous associons au projet via les pr\u00e9-commandes. Ces soldes invers\u00e9s sont notre fa\u00e7on de remercier les plus fervents supporters de notre projet.<\/p>\r\n<\/div>\r\n<\/section>\r\n<section class=\"section-of-content__sub-section\"><header>\r\n<h3>\u00c9thique en pratique<\/h3>\r\n<\/header>\r\n<div>\r\n<h4>Simple &amp; tangible<\/h4>\r\n<p>Ici pas de beaux discours. Afin d\u2019\u00e9viter les promesses en l\u2019air, nous nous concentrons sur ce que nous sommes en mesure de contr\u00f4ler.<\/p>\r\n<\/div>\r\n<div>\r\n<h4>Agir maintenant!<\/h4>\r\n<p>Voici nos actions concr\u00e8tes:<\/p>\r\n<ul>\r\n<li>Nous avons fait le choix de la proximit\u00e9 et travaillons uniquement avec des partenaires europ\u00e9ens que l\u2019on visite r\u00e9guli\u00e8rement. Nous savons o\u00f9 et comment ils travaillent et exigeons leur adh\u00e9sion \u00e0 notre charte \u00e9thique.<\/li>\r\n<li>Nous essayons de choisir nos mat\u00e9riaux de mani\u00e8re responsable et portons une attention toute particuli\u00e8re \u00e0 leur provenance. Nous savons que le coton est probl\u00e9matique et explorons des alternatives.<\/li>\r\n<li>Nous produisons au plus juste de nos commandes et ne constituons pas de stocks importants.<\/li>\r\n<li>Nous dessinons nos v\u00eatements pour traverser les \u00e9poques, pas suivre les tendances ou la \u00ab\u00a0hype\u00a0\u00bb.<\/li>\r\n<li>Nous nous assurons que nous produisons avec un tr\u00e8s haut standard de qualit\u00e9 et utilisons des techniques et mat\u00e9riaux qui garantissent la long\u00e9vit\u00e9 de nos v\u00eatements.<\/li>\r\n<li>Nous utilisons un packaging l\u00e9ger et minimaliste sur mesure et r\u00e9duisons l&#8217;emballage \u00e0 son plus simple appareil.<\/li>\r\n<\/ul>\r\n<\/div>\r\n<\/section>\r\n<section class=\"section-of-content__sub-section\"><header>\r\n<h3>Mouvement<\/h3>\r\n<\/header>\r\n<div>\r\n<h4>Un engagement<\/h4>\r\n<p>Continuer de r\u00e9duire notre empreinte \u00e9cologique en nous d\u00e9veloppant.<\/p>\r\n<\/div>\r\n<div>\r\n<h4>Notre compas<\/h4>\r\n<p>Proposer un design fort, de qualit\u00e9, durable et confortable sans aucun compromis.<\/p>\r\n<\/div>\r\n<\/section>\r\n<\/section>\r\n<p><!-- end of custom sections --><\/p>\r\n","protected":false},"excerpt":{"rendered":"<p>Notre m\u00e9thode Chez GOSSUIN, nous cr\u00e9ons des v\u00eatements singuliers, de haute qualit\u00e9 et con\u00e7us pour durer Nous imaginons un vestiaire masculin aux formes pures, architecturales et g\u00e9om\u00e9triques: un design fort et assum\u00e9 sans jamais tomber dans l\u2019excentricit\u00e9 Nous avons pour ambition de r\u00e9concilier style &amp; confort en imaginant des fa\u00e7ons uniques de construire et assembler [&hellip;]<\/p>\n","protected":false},"author":1,"featured_media":0,"parent":0,"menu_order":0,"comment_status":"closed","ping_status":"closed","template":"template-concept.php","meta":{"_acf_changed":false,"footnotes":""},"class_list":["post-1834","page","type-page","status-publish","hentry"],"acf":[],"aioseo_notices":[],"_links":{"self":[{"href":"https:\/\/www.gossuin.com\/fr\/wp-json\/wp\/v2\/pages\/1834","targetHints":{"allow":["GET"]}}],"collection":[{"href":"https:\/\/www.gossuin.com\/fr\/wp-json\/wp\/v2\/pages"}],"about":[{"href":"https:\/\/www.gossuin.com\/fr\/wp-json\/wp\/v2\/types\/page"}],"author":[{"embeddable":true,"href":"https:\/\/www.gossuin.com\/fr\/wp-json\/wp\/v2\/users\/1"}],"replies":[{"embeddable":true,"href":"https:\/\/www.gossuin.com\/fr\/wp-json\/wp\/v2\/comments?post=1834"}],"version-history":[{"count":0,"href":"https:\/\/www.gossuin.com\/fr\/wp-json\/wp\/v2\/pages\/1834\/revisions"}],"wp:attachment":[{"href":"https:\/\/www.gossuin.com\/fr\/wp-json\/wp\/v2\/media?parent=1834"}],"curies":[{"name":"wp","href":"https:\/\/api.w.org\/{rel}","templated":true}]}}