{"id":1997,"date":"2019-12-21T23:33:30","date_gmt":"2019-12-21T22:33:30","guid":{"rendered":"https:\/\/staging2021.gossuin.com\/politique-confidentialite\/"},"modified":"2023-10-26T15:55:05","modified_gmt":"2023-10-26T13:55:05","slug":"politique-confidentialite","status":"publish","type":"page","link":"https:\/\/www.gossuin.com\/fr\/politique-confidentialite\/","title":{"rendered":"Politique de vie priv\u00e9e"},"content":{"rendered":"\n<p>La confidentialit\u00e9 et la s\u00e9curit\u00e9 sont au c\u0153ur de tout ce que nous faisons chez GOSSUIN. Nous manipulons vos donn\u00e9es avec le plus grand soin et nous sommes donn\u00e9 pour mission de vous offrir des services personnalis\u00e9s pour lesquels nous avons besoin de collecter et stocker vos donn\u00e9es tout en respectant vos choix et votre vie priv\u00e9.<\/p>\n\n<h2 class=\"wp-block-heading\">Identification<\/h2>\n\n<p>Lorsque nous employons les termes \u00ab\u00a0GOSSUIN\u00a0\u00bb, \u00ab\u00a0nous\u00a0\u00bb, \u00ab\u00a0notre\u00a0\u00bb, \u00ab\u00a0AWARE\u00a0\u00bb et \u00ab\u00a0nos\u00a0\u00bb, nous faisons r\u00e9f\u00e9rence, \u00e0 AWARE SAS, une soci\u00e9t\u00e9 par actions simplifi\u00e9e avec un capital social de 2000\u20ac, enregistr\u00e9e au Registre du Commerce et de Soci\u00e9t\u00e9s de Vannes sous le num\u00e9ro de SIREN 851 472 357, dont le si\u00e8ge social est bas\u00e9 \u00e0 12 all\u00e9e Goh Huiniec 56860 S\u00e9n\u00e9 France et repr\u00e9sent\u00e9e par Arthur THOBY en sa capacit\u00e9 de Pr\u00e9sident de AWARE.<\/p>\n\n<p>AWARE est le responsable de traitement au sens de la r\u00e9glementation applicable en mati\u00e8re de donn\u00e9es personnelles et notamment du R\u00e8glement(EU) 2016\/679 relatif \u00e0 la protection des personnes physiques \u00e0 l\u2019\u00e9gard du traitement des donn\u00e9es \u00e0 caract\u00e8re personnel et \u00e0 la libre circulation de ces donn\u00e9es (ci-apr\u00e8s \u00ab\u00a0RGPD\u00a0\u00bb).<\/p>\n\n<h2 class=\"wp-block-heading\">Quelles donn\u00e9es pouvons nous collecter?<\/h2>\n\n<p>Les \u00ab\u00a0donn\u00e9es personnelles\u00a0\u00bb d\u00e9signent toute information permettant de vous identifier soit directement (comme votre nom) ou indirectement (par exemple \u00e0 l\u2019aide d\u2019un num\u00e9ro de client unique).<\/p>\n\n<p>Selon la nature des donn\u00e9es que vous nous fournissez ou partagez avec nous, vos donn\u00e9es personSelon la nature des donn\u00e9es que vous nous fournissez ou partagez avec nous, vos donn\u00e9es personnelles peuvent inclure: <\/p>\n\n<ul class=\"wp-block-list\">\n<li> Identit\u00e9 et coordonn\u00e9es ;<\/li>\n\n\n\n<li> G\u00e9olocalisation (pays uniquement) ;<\/li>\n\n\n\n<li> Pr\u00e9f\u00e9rences de taille et de style ;<\/li>\n\n\n\n<li>Int\u00e9r\u00eats;<\/li>\n\n\n\n<li> Achats et r\u00e9parations ;<\/li>\n\n\n\n<li> Vos parcours en ligne (gossuin.com, r\u00e9seaux sociaux, sites partenaires) ;<\/li>\n\n\n\n<li>Demandes concernant le service client ou les relations personnelles ;<\/li>\n\n\n\n<li> \u00c9v\u00e9nements physiques auxquels vous assistez.<\/li>\n<\/ul>\n\n<p>Lors de vos paiements, vos informations bancaires ne passent pas de mani\u00e8re non encrypt\u00e9e sur les serveurs de AWARE. Nos paiements sont r\u00e9alis\u00e9s via <a href=\"https:\/\/stripe.com\/en-fr\/about\" target=\"_blank\" rel=\"noopener noreferrer\">www.stripe.com<\/a>, une plateforme de paiement s\u00e9curis\u00e9e certifi\u00e9e PCI-DSS et suppl\u00e9ment\u00e9es par des mesures d&rsquo;assurer la s\u00e9curit\u00e9 des achats et pr\u00e9venir les paiements frauduleux.<\/p>\n\n<h2 class=\"wp-block-heading\">Comment collectons nous ou recevons nous vos donn\u00e9es?<\/h2>\n\n<p>Les op\u00e9rations normales de AWARE peuvent nous conduire \u00e0 collecter des donn\u00e9es \u00e0 diff\u00e9rents endroits et sur diff\u00e9rentes plateformes:<\/p>\n\n<ul class=\"wp-block-list\">\n<li>Parcours gossuin.com<\/li>\n\n\n\n<li> Relation en personne avec notre \u00e9quipe<\/li>\n\n\n\n<li> Les \u00e9v\u00e9nements GOSSUIN auxquels vous participez<\/li>\n\n\n\n<li> Relations avec les relations publiques<\/li>\n\n\n\n<li>Contact avec le service client ou tout autre service d&rsquo;assistance<\/li>\n\n\n\n<li>Questionnaires que vous remplissez (que ce soit physiquement ou num\u00e9riquement)<\/li>\n\n\n\n<li> Applications num\u00e9riques que vous utilisez<\/li>\n\n\n\n<li> Pages de r\u00e9seaux sociaux GOSSUIN avec lesquelles vous interagissez (commentez, aimez, visitez)<\/li>\n\n\n\n<li> Publicit\u00e9 m\u00e9dias et r\u00e9seaux sociaux sur lesquelles vous cliquez<\/li>\n\n\n\n<li> Publicit\u00e9 payante des moteurs de recherche sur laquelle vous cliquez<\/li>\n<\/ul>\n\n<p>Les donn\u00e9es personnelles indispensables \u00e0 GOSSUIN sont signal\u00e9es par un ast\u00e9risque sur chaque formulaire de collecte de donn\u00e9es personnelles. Si vous ne renseignez pas ces champs obligatoires, nous ne pourrons probablement pas r\u00e9pondre \u00e0 vos demandes et\/ou vous fournir les services demand\u00e9s. Les autres informations ont un caract\u00e8re facultatif et nous permettent de mieux vous conna\u00eetre et d&rsquo;am\u00e9liorer nos communications et services \u00e0 votre \u00e9gard.<\/p>\n\n<h2 class=\"wp-block-heading\">Quelles utilisations faisons nous de vos donn\u00e9es?<\/h2>\n\n<p>Dans le cadre de nos relations, suivant le contexte dans lequel vos donn\u00e9es sont collect\u00e9es, nous sommes amen\u00e9s \u00e0 utiliser vos donn\u00e9es pour :<\/p>\n\n<ul class=\"wp-block-list\">\n<li> la gestion de vos commandes ;<\/li>\n\n\n\n<li>la gestion des contenus personnalis\u00e9s et des communications avec GOSSUIN (num\u00e9riques ou non) ;<\/li>\n\n\n\n<li> la gestion de votre profil ;<\/li>\n\n\n\n<li> la gestion de vos demandes li\u00e9es \u00e0 GOSSUIN ;<\/li>\n\n\n\n<li>la gestion des \u00e9v\u00e9nements auxquels vous vous inscrivez\/assistez ;<\/li>\n\n\n\n<li> la gestion de votre candidature \u00e0 un emploi ;<\/li>\n\n\n\n<li> la gestion de notre site Internet et de nos applications num\u00e9riques ;<\/li>\n\n\n\n<li> L&rsquo;am\u00e9lioration de nos produits et services. L&rsquo;am\u00e9lioration de nos produits et services.<\/li>\n<\/ul>\n\n<p>La base l\u00e9gale du traitement de vos donn\u00e9es peut \u00eatre, suivant le contexte dans lequel elles sont collect\u00e9es :<\/p>\n\n<ul class=\"wp-block-list\">\n<li>Votre consentement (par exemple pour g\u00e9rer nos services personnalis\u00e9s, g\u00e9rer votre navigation via les cookies)<\/li>\n\n\n\n<li>L&rsquo;ex\u00e9cution d&rsquo;un contrat (par exemple la gestion de votre acc\u00e8s \u00e0 votre compte client, le traitement et le suivi de vos commandes)<\/li>\n\n\n\n<li>Une obligation l\u00e9gale lorsque le traitement est requis par la loi (par exemple conservation des factures d&rsquo;achat)<\/li>\n\n\n\n<li>Notre int\u00e9r\u00eat l\u00e9gitime : am\u00e9liorer nos produits et services, pr\u00e9venir la fraude, s\u00e9curiser nos outils ou adapter nos communications<\/li>\n<\/ul>\n\n<h2 class=\"wp-block-heading\">Combien de temps nous les conservons<\/h2>\n\n<p>Nous conservons vos donn\u00e9es personnelles uniquement le temps n\u00e9cessaire pour atteindre l\u2019objectif poursuivi, pour r\u00e9pondre \u00e0 vos besoins, ou pour satisfaire \u00e0 nos obligations l\u00e9gales.<\/p>\n\n<p>De mani\u00e8re g\u00e9n\u00e9rale, vos donn\u00e9es personnelles sont conserv\u00e9es dans notre base de donn\u00e9es :<\/p>\n\n<ul class=\"wp-block-list\">\n<li>Si vous \u00eates \u00ab client \u00bb (c\u2019est-\u00e0-dire que vous avez d\u00e9j\u00e0 achet\u00e9 un produit GOSSUIN) : pendant 10 ans maximum apr\u00e8s votre premier achat ; ce d\u00e9lai sera renouvel\u00e9 \u00e0 chaque fois que vous interagissez avec GOSSUIN (par exemple un achat).<\/li>\n\n\n\n<li>Si vous \u00eates un \u00ab prospect \u00bb (c&rsquo;est-\u00e0-dire que vous n&rsquo;avez jamais achet\u00e9 de produit GOSSUIN mais que vous \u00eates int\u00e9ress\u00e9 par les cr\u00e9ations et la marque GOSSUIN) : nous conservons vos donn\u00e9es pendant 3 ans ; ce d\u00e9lai sera renouvel\u00e9 \u00e0 chaque fois que vous interagissez avec GOSSUIN (par exemple lors de votre participation \u00e0 un \u00e9v\u00e9nement)<\/li>\n\n\n\n<li>Si vous \u00eates en contact avec le service Relations Publiques : pendant 10 ans maximum apr\u00e8s le premier contact ; ce d\u00e9lai sera renouvel\u00e9 \u00e0 chaque fois que vous interagissez avec GOSSUIN (par exemple lors d&rsquo;une demande d&rsquo;informations \u00e0 GOSSUIN)<\/li>\n<\/ul>\n\n<p>Si des cookies sont plac\u00e9s sur votre ordinateur, nous les conservons pour une dur\u00e9e ne pouvant exc\u00e9der 13 mois.<\/p>\n\n<p>Lorsque nous n\u2019avons plus besoin d\u2019utiliser vos donn\u00e9es personnelles, elles sont supprim\u00e9es de nos syst\u00e8mes et de nos registres ou rendues anonymes afin de ne plus permettre de vous identifier.<\/p>\n\n<h2 class=\"wp-block-heading\">Qui peut acc\u00e9der \u00e0 vos donn\u00e9es ?<\/h2>\n\n<p>Vos donn\u00e9es sont destin\u00e9es aux services GOSSUIN concern\u00e9s par vos demandes. Nous veillons \u00e0 ce que seules les personnes d\u00fbment habilit\u00e9es puissent acc\u00e9der \u00e0 vos donn\u00e9es personnelles lorsque cela est n\u00e9cessaire pour les finalit\u00e9s susmentionn\u00e9es.<\/p>\n\n<p>Nous ne donnons pas vos donn\u00e9es \u00e0 des tiers \u00e0 des fins commerciales.<\/p>\n\n<p>Nous ne sommes amen\u00e9s \u00e0 communiquer vos informations que si cela est n\u00e9cessaire, et si possible sous une forme ne permettant pas une identification directe \u00e0 :<\/p>\n\n<ul class=\"wp-block-list\">\n<li>D&rsquo;autres entit\u00e9s GOSSUIN pour vous fournir des services personnalis\u00e9s dans le monde entier.<\/li>\n\n\n\n<li>Nos fournisseurs tiers de confiance agissant en tant que processeur en notre nom et selon nos sp\u00e9cifications et instructions. Ces tiers peuvent inclure des soci\u00e9t\u00e9s de livraison et de transport maritime, des soci\u00e9t\u00e9s de paiement s\u00e9curisant toutes les transactions et pr\u00e9vention de la fraude, de l&rsquo;\u00e9v\u00e9nement, de l&rsquo;informatique, des communications num\u00e9riques et des relations publiques ainsi que des tiers mandat\u00e9s par nous pour g\u00e9rer les rendements et autres services li\u00e9s au service client.<\/li>\n\n\n\n<li>Des Tiers en cas de changement de contr\u00f4le, pour des motifs d\u2019ordre juridique, ou avec votre consentement pr\u00e9alable<\/li>\n<\/ul>\n\n<p>Vous pouvez \u00e9galement choisir de divulguer vos donn\u00e9es personnelles \u00e0 nos partenaires, annonceurs et soci\u00e9t\u00e9s affili\u00e9es en suivant un lien vers et \u00e0 partir de leurs sites Internet. Veuillez noter que ces sites Internet appliquent leur propre politique de vie priv\u00e9e.<\/p>\n\n<h2 class=\"wp-block-heading\">Comment prot\u00e9geons nous vos donn\u00e9es et assurons leur confidentialit\u00e9<\/h2>\n\n<p>Nous prenons toutes les pr\u00e9cautions utiles pour garantir la confidentialit\u00e9 et la s\u00e9curit\u00e9 de vos donn\u00e9es et emp\u00eacher qu\u2019elles ne soient d\u00e9form\u00e9es, endommag\u00e9es, d\u00e9truites ou que des tiers non autoris\u00e9s y aient acc\u00e8s.<\/p>\n\n<p>Veuillez noter que vos donn\u00e9es peuvent \u00eatre transf\u00e9rr\u00e9es, consult\u00e9es ou stock\u00e9es hors de l&rsquo;union europ\u00e9enne par des membres de notre staff ou certains de nos fournisseurs de services. Nous ne le faisons de mani\u00e8re s\u00e9curis\u00e9e et l\u00e9gale and prenons des mesures pour que les tiers en question adh\u00e8rent aux engagements d\u00e9ifinis dans notre politique de vie priv\u00e9e et en particulier en formalisant nos relations avec des contrats bas\u00e9 sur le mod\u00e8le de contrat mise \u00e0 disposition par la commission europ\u00e9enne.<\/p>\n\n<p>En cr\u00e9ant votre mot de passe sur gossuin.com, entrer un mot de passe personnel est obligatoire et partie int\u00e9grale de notre politique de vie priv\u00e9e.<\/p>\n\n<h2 class=\"wp-block-heading\">Votre doits sous la r\u00e9glementation europ\u00e9enne \u00ab\u00a0RGDP\u00a0\u00bb<\/h2>\n\n<p>Le RGPD fournit notamment les droits suivants:<\/p>\n\n<ul class=\"wp-block-list\">\n<li>Droit d\u2019\u00eatre inform\u00e9 : vous avez le droit d\u2019obtenir des informations claires, transparentes et facilement compr\u00e9hensibles sur la mani\u00e8re dont nous utilisons vos donn\u00e9es personnelles et sur vos droits. Vous trouverez toutes ces informations dans ce document.<\/li>\n<\/ul>\n\n<ul class=\"wp-block-list\">\n<li>Le droit d&rsquo;acc\u00e8s : vous avez le droit d&rsquo;acc\u00e9der aux donn\u00e9es personnelles que GOSSUIN d\u00e9tient vous concernant<\/li>\n<\/ul>\n\n<ul class=\"wp-block-list\">\n<li>Le droit de rectification : vous avez le droit de faire rectifier vos donn\u00e9es personnelles si elles sont incorrectes ou p\u00e9rim\u00e9es et\/ou compl\u00e9t\u00e9es si elles sont incompl\u00e8tes<\/li>\n<\/ul>\n\n<ul class=\"wp-block-list\">\n<li>Droit \u00e0 l&rsquo;effacement \/ droit \u00e0 l&rsquo;oubli : vous avez le droit de faire effacer ou supprimer vos donn\u00e9es personnelles. Veuillez noter qu&rsquo;il ne s&rsquo;agit pas d&rsquo;un droit absolu, car nous pouvons avoir des motifs l\u00e9gaux ou l\u00e9gitimes pour conserver vos donn\u00e9es personnelles.<\/li>\n<\/ul>\n\n<ul class=\"wp-block-list\">\n<li>Le droit de vous opposer au marketing direct : vous pouvez vous d\u00e9sinscrire ou vous d\u00e9sinscrire de notre communication de marketing direct \u00e0 tout moment. Vous pouvez le faire en cliquant sur le lien \u00ab se d\u00e9sinscrire \u00bb dans tout e-mail ou communication que nous vous envoyons. Vous pouvez \u00e9galement demander \u00e0 recevoir des communications non personnalis\u00e9es sur nos produits et services.<\/li>\n<\/ul>\n\n<ul class=\"wp-block-list\">\n<li>Le droit de retirer votre consentement \u00e0 tout moment pour le traitement des donn\u00e9es bas\u00e9 sur le consentement : Vous pouvez retirer votre consentement au traitement de vos donn\u00e9es lorsque ce traitement est bas\u00e9 sur le consentement.<\/li>\n<\/ul>\n\n<ul class=\"wp-block-list\">\n<li>Le droit \u00e0 la portabilit\u00e9 des donn\u00e9es : vous avez le droit de d\u00e9placer, copier ou transf\u00e9rer des donn\u00e9es de notre base de donn\u00e9es \u00e0 une autre. Cela s&rsquo;applique uniquement aux donn\u00e9es que vous avez fournies, lorsque le traitement est bas\u00e9 sur un contrat ou votre consentement et que le traitement est effectu\u00e9 par des moyens automatis\u00e9s.<\/li>\n<\/ul>\n\n<p>Vous avez \u00e9galement le droit de contacter l\u2019autorit\u00e9 de protection des donn\u00e9es de votre pays afin de d\u00e9poser une r\u00e9clamation contre les pratiques de protection des donn\u00e9es et de la vie priv\u00e9e de GOSSUIN.<\/p>\n\n<p>Veuillez nous contacter selon les modalit\u00e9s ci-dessous si vous souhaitez exercer ces droits ou si vous avez des questions ou r\u00e9clamations concernant le traitement de vos donn\u00e9es personnelles.<\/p>\n\n<p>Sachez que nous pourrons vous demander un justificatif de votre identit\u00e9 ainsi que les d\u00e9tails complets de votre demande avant de la traiter.<\/p>\n\n<h2 class=\"wp-block-heading\">Nous contacter<\/h2>\n\n<p>Si vous avez des questions sur la fa\u00e7on dont nous traitons et utilisons vos donn\u00e9es personnelles, ou si vous souhaitez exercer l\u2019un des droits ci-dessus, veuillez nous contacter :<\/p>\n\n<ul class=\"wp-block-list\">\n<li>Si vous \u00eates un client ou particulier<\/li>\n<\/ul>\n\n<p>En nous envoyant un email \u00e0 <a href=\"mailto:contact@gossuin.com\">contact@gossuin.com<\/a><\/p>\n\n<ul class=\"wp-block-list\">\n<li>Si vous souhaitez contacter le d\u00e9partement Relations Publiques<\/li>\n<\/ul>\n\n<p>En nous envoyant un email \u00e0\u00a0<a href=\"mailto:pr@gossuin.com\">pr@gossuin.com<\/a><\/p>\n\n<p>Vous pouvez \u00e9galement contacter notre D\u00e9l\u00e9gu\u00e9e \u00e0 la Protection des Donn\u00e9es \u00e0 l\u2019adresse\u00a0<a href=\"mailto:privacy@gossuin.com\">privacy@gossuin.com<\/a><\/p>\n\n<h2 class=\"wp-block-heading\">Informations sur la gestion des cookies<\/h2>\n\n<h3 class=\"wp-block-heading\">Qu&rsquo;est ce qu&rsquo;un cookie?<\/h3>\n\n<p>A l\u2019occasion de la consultation de notre site internet, nous pouvons \u00eatre amen\u00e9s, sous r\u00e9serve de vos choix, \u00e0 d\u00e9poser sur votre terminal (ordinateur, smartphone, tablette), gr\u00e2ce \u00e0 votre navigateur, un fichier texte.<\/p>\n\n<p>Ce fichier texte est un cookie. Il va permettre \u00e0 GOSSUIN, pendant sa dur\u00e9e de validit\u00e9 ou d\u2019enregistrement, d\u2019identifier votre terminal lors de vos prochaines visites.<\/p>\n\n<p>Seul l\u2019\u00e9metteur d&rsquo;un cookie est susceptible de lire ou de modifier les informations contenues dans celui-ci.<\/p>\n\n<p>Vous trouverez ci-dessous les informations relatives aux cookies susceptibles d\u2019\u00eatre d\u00e9pos\u00e9s sur votre terminal lorsque vous visitez des pages du site gossuin.com, soit GOSSUIN, soit par des tiers, ainsi que les moyens vous permettant de supprimer\/refuser l\u2019inscription de ces cookies sur votre terminal.<\/p>\n\n<h3 class=\"wp-block-heading\">A quoi servent les cookies \u00e9mis sur gossuin.com<\/h3>\n\n<p>Il existe plusieurs cat\u00e9gories de cookies, certains sont \u00e9mis directement par GOSSUIN et ses prestataires, d\u2019autres peuvent \u00eatre \u00e9mis par des soci\u00e9t\u00e9s tierces.<\/p>\n\n<h4 class=\"wp-block-heading\">Les cookies \u00e9mis par GOSSUIN et ses prestataires<\/h4>\n\n<p>Diff\u00e9rentes sortes de cookies peuvent \u00eatre d\u00e9pos\u00e9es sur votre terminal lors de votre navigation sur notre site internet :<\/p>\n\n<ul class=\"wp-block-list\">\n<li>The \u00ab\u00a0essential\u00a0\u00bb cookies are essential for browsing our website, including to ensure that the ordering process runs smoothly. If you delete them it can cause difficulties when browsing our website and make it impossible to place an order. They might be stored on your device by GOSSUIN or by its providers.<\/li>\n\n\n\n<li>Les cookies \u00ab Analytiques et de Personnalisation \u00bb, non indispensables \u00e0 la navigation mais pouvant permettre par exemple de faciliter vos recherches, d\u2019optimiser votre exp\u00e9rience d\u2019achat.<\/li>\n\n\n\n<li>Les cookies \u00ab Publicitaires \u00bb, non indispensables \u00e0 la navigation mais vous permettant une offre publicitaire plus pertinente.<\/li>\n<\/ul>\n\n<p>Si votre terminal est utilis\u00e9 par plusieurs personnes et lorsqu\u2019un m\u00eame terminal dispose de plusieurs logiciels de navigation, nous ne pouvons pas nous assurer de mani\u00e8re certaine que les services et publicit\u00e9s destin\u00e9s \u00e0 votre terminal correspondent bien \u00e0 votre propre utilisation de celui-ci et non \u00e0 celle d&rsquo;un autre utilisateur de ce terminal. Le cas \u00e9ch\u00e9ant, le partage avec d\u2019autres personnes de l\u2019utilisation de votre terminal et la configuration des param\u00e8tres de votre navigateur \u00e0 l&rsquo;\u00e9gard des cookies, rel\u00e8vent de votre libre choix et de votre responsabilit\u00e9.<\/p>\n\n<h4 class=\"wp-block-heading\">Les cookies \u00e9mis par des soci\u00e9t\u00e9s tierces<\/h4>\n\n<p>L&rsquo;\u00e9mission et l&rsquo;utilisation de cookies par des tiers sur notre site, sont soumises aux politiques de protection de la vie priv\u00e9e de ces tiers. Ces cookies ne sont pas indispensables \u00e0 la navigation sur notre site.<\/p>\n\n<p>Nous sommes susceptibles d&rsquo;inclure sur notre site des applications informatiques \u00e9manant de tiers, qui vous permettent de partager des contenus de notre site avec d&rsquo;autres personnes ou de faire conna\u00eetre \u00e0 ces autres personnes votre consultation ou votre opinion concernant un contenu de notre site. Tel est notamment le cas des boutons \u00ab\u00a0Partager\u00a0\u00bb, \u00ab\u00a0J&rsquo;aime\u00a0\u00bb, issus de r\u00e9seaux sociaux tels que Facebook, Twitter, Instagram, Pinterest, etc.<\/p>\n\n<p>Le r\u00e9seau social fournissant un tel bouton applicatif est susceptible de vous identifier gr\u00e2ce \u00e0 ce bouton, m\u00eame si vous n&rsquo;avez pas utilis\u00e9 ce bouton lors de votre consultation de notre site. Nous n&rsquo;avons aucun contr\u00f4le sur le processus employ\u00e9 par les r\u00e9seaux sociaux pour collecter des informations relatives \u00e0 votre navigation sur notre site et associ\u00e9es aux donn\u00e9es personnelles dont ils disposent. Nous vous invitons \u00e0 consulter les politiques de protection de la vie priv\u00e9e de ces r\u00e9seaux sociaux.<\/p>\n\n<h3 class=\"wp-block-heading\">G\u00e9rer les cookies stock\u00e9s sur votre terminal<\/h3>\n\n<p>Vous pouvez d\u00e9cider si les cookies sont stock\u00e9s sur votre appareil \u00e0 l\u2019aide de l\u2019outil de param\u00e9trage de cookie disponible en cliquant ici, dans la banni\u00e8re de cookie ou dans le pied de page sur gossuin.com. Vous pouvez configurer votre logiciel de navigation selon votre volont\u00e9, de mani\u00e8re \u00e0 ce que des cookies soient accept\u00e9s et enregistr\u00e9s sur votre terminal ou, au contraire, afin qu&rsquo;ils soient refus\u00e9s. La configuration de chaque logiciel de navigation est diff\u00e9rente. Elle est g\u00e9n\u00e9ralement d\u00e9crite dans le menu d&rsquo;aide de votre logiciel de navigation. Nous vous invitons donc \u00e0 en prendre connaissance. Vous pourrez ainsi savoir de quelle mani\u00e8re modifier vos souhaits en mati\u00e8re de cookies.<\/p>\n\n<ul class=\"wp-block-list\">\n<li>Pour Internet Explorer\u2122: https:\/\/support.microsoft.com\/en-us\/help\/17442\/windows-internet-explorer-delete-manage-cookies\u00a0\u00a0\u00a0\u00a0<\/li>\n\n\n\n<li>Pour Safari: https:\/\/support.apple.com\/kb\/PH19214?locale=fr_FR&amp;viewlocale=en_US<\/li>\n\n\n\n<li>Pour Chrome: https:\/\/support.google.com\/chrome\/answer\/95647?hl=en&amp;hlrm=en\u00a0\u00a0<\/li>\n\n\n\n<li>For Firefox: https:\/\/support.mozilla.org\/en-US\/kb\/enable-and-disable-cookies-website-preferences\u00a0<\/li>\n\n\n\n<li>Pour Opera\u2122: http:\/\/help.opera.com\/Windows\/10.20\/en\/cookies.html\u00a0<\/li>\n<\/ul>\n\n<p>Attention : tout param\u00e9trage que vous pouvez entreprendre sur votre logiciel de navigation concernant l\u2019acceptation ou le refus des cookies sera susceptible de modifier votre navigation sur Internet et vos conditions d&rsquo;acc\u00e8s \u00e0 certains services n\u00e9cessitant l&rsquo;utilisation de ces m\u00eames cookies. Par exemple, en refusant certains cookies essentiels vous risquez de ne plus pouvoir passer commande sur notre site.<\/p>\n\n<h2 class=\"wp-block-heading\">Modification de la pr\u00e9sente politique de protection de la vie priv\u00e9e<\/h2>\n\n<p>En cas de modification de la pr\u00e9sente politique, nous veillerons \u00e0 ce que vous soyez inform\u00e9s de ces modifications soit par une mention sp\u00e9ciale sur notre site, soit par un avertissement personnalis\u00e9 notamment dans le cadre de nos envois de newsletters.<\/p>\n\n<p>Derni\u00e8re modification le 26\/10\/2023 \u00e015:19 GMT+2.<\/p>\n","protected":false},"excerpt":{"rendered":"<p>La confidentialit\u00e9 et la s\u00e9curit\u00e9 sont au c\u0153ur de tout ce que nous faisons chez GOSSUIN. Nous manipulons vos donn\u00e9es avec le plus grand soin et nous sommes donn\u00e9 pour mission de vous offrir des services personnalis\u00e9s pour lesquels nous avons besoin de collecter et stocker vos donn\u00e9es tout en respectant vos choix et votre [&hellip;]<\/p>\n","protected":false},"author":1,"featured_media":0,"parent":0,"menu_order":0,"comment_status":"closed","ping_status":"open","template":"","meta":{"_acf_changed":false,"footnotes":""},"class_list":["post-1997","page","type-page","status-publish","hentry"],"acf":[],"aioseo_notices":[],"_links":{"self":[{"href":"https:\/\/www.gossuin.com\/fr\/wp-json\/wp\/v2\/pages\/1997","targetHints":{"allow":["GET"]}}],"collection":[{"href":"https:\/\/www.gossuin.com\/fr\/wp-json\/wp\/v2\/pages"}],"about":[{"href":"https:\/\/www.gossuin.com\/fr\/wp-json\/wp\/v2\/types\/page"}],"author":[{"embeddable":true,"href":"https:\/\/www.gossuin.com\/fr\/wp-json\/wp\/v2\/users\/1"}],"replies":[{"embeddable":true,"href":"https:\/\/www.gossuin.com\/fr\/wp-json\/wp\/v2\/comments?post=1997"}],"version-history":[{"count":0,"href":"https:\/\/www.gossuin.com\/fr\/wp-json\/wp\/v2\/pages\/1997\/revisions"}],"wp:attachment":[{"href":"https:\/\/www.gossuin.com\/fr\/wp-json\/wp\/v2\/media?parent=1997"}],"curies":[{"name":"wp","href":"https:\/\/api.w.org\/{rel}","templated":true}]}}