{"id":10157,"date":"2024-04-19T10:16:57","date_gmt":"2024-04-19T08:16:57","guid":{"rendered":"https:\/\/www.gossuin.com\/?post_type=product&#038;p=10157"},"modified":"2026-02-22T20:54:31","modified_gmt":"2026-02-22T19:54:31","slug":"chemise-reverso-02","status":"publish","type":"product","link":"https:\/\/www.gossuin.com\/fr\/produit\/chemise-reverso-02\/","title":{"rendered":"REVERSO 02"},"content":{"rendered":"<p>REVERSO 02 est une chemise originale avec un col r\u00e9versible. Notre col unique est cousu par le milieu, ce qui vous permet de le retourner en un seul geste. Parfaite pour toutes les occasions, la chemise REVERSO 02 est disponible dans une gamme de tailles et de couleurs pour s&rsquo;adapter \u00e0 votre style personnel. Comme toute chemise GOSSUIN, elle est dot\u00e9e de d\u00e9tails m\u00e9ticuleusement confectionn\u00e9s pour un confort et une durabilit\u00e9 ultimes. Disponible dans quatre tissus, chacun avec son propre poids et toucher. Disponible dans une serg\u00e9 blanc optique, un oxford vert menthe, un oxford bleu ciel et un tissu lin-coton bleu fum\u00e9. Elle est enti\u00e8rement fabriqu\u00e9e en Europe, du tissu \u00e0 la finition.<\/p>\n","protected":false},"excerpt":{"rendered":"<ol>\n<li>Notre col iconique se bascule en un seul geste pour cr\u00e9er plusieurs styles de cols qui transforment la chemise.<\/li>\n<li>La deuxi\u00e8me \u00e9dition de notre sold-out <a href=\"https:\/\/www.gossuin.com\/fr\/produit\/chemise-reverso-01\/\">REVERSO 01<\/a>.<\/li>\n<li>Explorez notre s\u00e9lection de quatre tissus uniques, chacun offrant un poids et une texture \u00e0 part enti\u00e8re.<\/li>\n<li>Coupe ajust\u00e9e mais pas slim.<\/li>\n<\/ol>\n","protected":false},"featured_media":10250,"template":"","meta":{"_acf_changed":false},"product_brand":[],"product_cat":[62],"product_tag":[],"class_list":{"0":"post-10157","1":"product","2":"type-product","3":"status-publish","4":"has-post-thumbnail","6":"product_cat-chemise","8":"first","9":"instock","10":"sale","11":"taxable","12":"shipping-taxable","13":"purchasable","14":"product-type-variable","15":"has-default-attributes"},"acf":[],"aioseo_notices":[],"_links":{"self":[{"href":"https:\/\/www.gossuin.com\/fr\/wp-json\/wp\/v2\/product\/10157","targetHints":{"allow":["GET"]}}],"collection":[{"href":"https:\/\/www.gossuin.com\/fr\/wp-json\/wp\/v2\/product"}],"about":[{"href":"https:\/\/www.gossuin.com\/fr\/wp-json\/wp\/v2\/types\/product"}],"wp:featuredmedia":[{"embeddable":true,"href":"https:\/\/www.gossuin.com\/fr\/wp-json\/wp\/v2\/media\/10250"}],"wp:attachment":[{"href":"https:\/\/www.gossuin.com\/fr\/wp-json\/wp\/v2\/media?parent=10157"}],"wp:term":[{"taxonomy":"product_brand","embeddable":true,"href":"https:\/\/www.gossuin.com\/fr\/wp-json\/wp\/v2\/product_brand?post=10157"},{"taxonomy":"product_cat","embeddable":true,"href":"https:\/\/www.gossuin.com\/fr\/wp-json\/wp\/v2\/product_cat?post=10157"},{"taxonomy":"product_tag","embeddable":true,"href":"https:\/\/www.gossuin.com\/fr\/wp-json\/wp\/v2\/product_tag?post=10157"}],"curies":[{"name":"wp","href":"https:\/\/api.w.org\/{rel}","templated":true}]}}