{"id":10429,"date":"2024-05-27T08:21:49","date_gmt":"2024-05-27T06:21:49","guid":{"rendered":"https:\/\/www.gossuin.com\/?post_type=product&#038;p=10429"},"modified":"2026-04-23T09:07:53","modified_gmt":"2026-04-23T07:07:53","slug":"pull-archibald-01","status":"publish","type":"product","link":"https:\/\/www.gossuin.com\/fr\/produit\/pull-archibald-01\/","title":{"rendered":"ARCHIBALD 01"},"content":{"rendered":"<p>Un pull inspiration marine tr\u00e8s doux en coton avec une touche de cachemire pour une sensation luxueuse. Tricot\u00e9 avec un motif en point de riz pour une respirabilit\u00e9 optimale, ARCHIBALD est id\u00e9al pour les journ\u00e9es plus chaudes et les nuits fra\u00eeches. Le pull pr\u00e9sente un col \u00e0 la forme originale pour un look \u00e9l\u00e9gant et d\u00e9contract\u00e9. Il est dot\u00e9 de l&rsquo;architecture classique de GOSSUIN et est fabriqu\u00e9 en Europe, du fil \u00e0 la finition.<\/p>\n","protected":false},"excerpt":{"rendered":"<ul>\n<li>Un pull mi-saison tricot\u00e9 en pi\u00e8ces, robuste et durable.<\/li>\n<li>Col d&rsquo;inspiration pull marin pour un look \u00e9l\u00e9gant et d\u00e9contract\u00e9.<\/li>\n<li>Tricot en point de riz a\u00e9r\u00e9, id\u00e9al pour les journ\u00e9es plus chaudes et les soir\u00e9es fra\u00eeches<\/li>\n<li>500g de coton \u00e9gyptien sup\u00e9rieur avec une pointe de cachemire pour une sensation de douceur absolue. Lavable en machine.<\/li>\n<\/ul>\n","protected":false},"featured_media":10753,"template":"","meta":{"_acf_changed":false},"product_brand":[],"product_cat":[226],"product_tag":[],"class_list":{"0":"post-10429","1":"product","2":"type-product","3":"status-publish","4":"has-post-thumbnail","6":"product_cat-export-fr","8":"first","9":"instock","10":"sale","11":"taxable","12":"shipping-taxable","13":"purchasable","14":"product-type-variable","15":"has-default-attributes"},"acf":[],"aioseo_notices":[],"_links":{"self":[{"href":"https:\/\/www.gossuin.com\/fr\/wp-json\/wp\/v2\/product\/10429","targetHints":{"allow":["GET"]}}],"collection":[{"href":"https:\/\/www.gossuin.com\/fr\/wp-json\/wp\/v2\/product"}],"about":[{"href":"https:\/\/www.gossuin.com\/fr\/wp-json\/wp\/v2\/types\/product"}],"wp:featuredmedia":[{"embeddable":true,"href":"https:\/\/www.gossuin.com\/fr\/wp-json\/wp\/v2\/media\/10753"}],"wp:attachment":[{"href":"https:\/\/www.gossuin.com\/fr\/wp-json\/wp\/v2\/media?parent=10429"}],"wp:term":[{"taxonomy":"product_brand","embeddable":true,"href":"https:\/\/www.gossuin.com\/fr\/wp-json\/wp\/v2\/product_brand?post=10429"},{"taxonomy":"product_cat","embeddable":true,"href":"https:\/\/www.gossuin.com\/fr\/wp-json\/wp\/v2\/product_cat?post=10429"},{"taxonomy":"product_tag","embeddable":true,"href":"https:\/\/www.gossuin.com\/fr\/wp-json\/wp\/v2\/product_tag?post=10429"}],"curies":[{"name":"wp","href":"https:\/\/api.w.org\/{rel}","templated":true}]}}