{"id":10592,"date":"2024-06-05T12:42:57","date_gmt":"2024-06-05T10:42:57","guid":{"rendered":"https:\/\/www.gossuin.com\/?post_type=product&#038;p=10592"},"modified":"2026-02-12T06:12:55","modified_gmt":"2026-02-12T05:12:55","slug":"chemise-turing-02","status":"publish","type":"product","link":"https:\/\/www.gossuin.com\/fr\/produit\/chemise-turing-02\/","title":{"rendered":"TURING 02"},"content":{"rendered":"<p>Vivez l&rsquo;\u00e9t\u00e9 avec TURING 02, notre chemise d&rsquo;\u00e9t\u00e9 revisit\u00e9e. Design sans col unique, poids qui limite le froissement, l&rsquo;\u00e9l\u00e9gance estivale r\u00e9invent\u00e9e.<\/p>\n","protected":false},"excerpt":{"rendered":"<ol>\n<li>Une chemise sans col parfaite pour l&rsquo;\u00e9t\u00e9.<\/li>\n<li>Superbe port\u00e9e seule, ouverte ou sous une veste l\u00e9g\u00e8re.<\/li>\n<li>Confectionn\u00e9e \u00e0 partir de divers tissus et poids pour passer de la plage \u00e0 votre prochaine soir\u00e9e d&rsquo;\u00e9t\u00e9 sans effort.<\/li>\n<li>La deuxi\u00e8me \u00e9dition de notre iconique <a href=\"https:\/\/www.gossuin.com\/product\/shirt-turing-01\/\">TURING 01<\/a> avec une coupe revisit\u00e9e.<\/li>\n<\/ol>\n","protected":false},"featured_media":11064,"template":"","meta":{"_acf_changed":false},"product_brand":[],"product_cat":[62],"product_tag":[],"class_list":{"0":"post-10592","1":"product","2":"type-product","3":"status-publish","4":"has-post-thumbnail","6":"product_cat-chemise","8":"first","9":"instock","10":"sale","11":"taxable","12":"shipping-taxable","13":"purchasable","14":"product-type-variable","15":"has-default-attributes"},"acf":[],"aioseo_notices":[],"_links":{"self":[{"href":"https:\/\/www.gossuin.com\/fr\/wp-json\/wp\/v2\/product\/10592","targetHints":{"allow":["GET"]}}],"collection":[{"href":"https:\/\/www.gossuin.com\/fr\/wp-json\/wp\/v2\/product"}],"about":[{"href":"https:\/\/www.gossuin.com\/fr\/wp-json\/wp\/v2\/types\/product"}],"wp:featuredmedia":[{"embeddable":true,"href":"https:\/\/www.gossuin.com\/fr\/wp-json\/wp\/v2\/media\/11064"}],"wp:attachment":[{"href":"https:\/\/www.gossuin.com\/fr\/wp-json\/wp\/v2\/media?parent=10592"}],"wp:term":[{"taxonomy":"product_brand","embeddable":true,"href":"https:\/\/www.gossuin.com\/fr\/wp-json\/wp\/v2\/product_brand?post=10592"},{"taxonomy":"product_cat","embeddable":true,"href":"https:\/\/www.gossuin.com\/fr\/wp-json\/wp\/v2\/product_cat?post=10592"},{"taxonomy":"product_tag","embeddable":true,"href":"https:\/\/www.gossuin.com\/fr\/wp-json\/wp\/v2\/product_tag?post=10592"}],"curies":[{"name":"wp","href":"https:\/\/api.w.org\/{rel}","templated":true}]}}