{"id":11441,"date":"2024-10-08T18:02:25","date_gmt":"2024-10-08T16:02:25","guid":{"rendered":"https:\/\/www.gossuin.com\/?post_type=product&#038;p=11441"},"modified":"2026-04-18T13:16:30","modified_gmt":"2026-04-18T11:16:30","slug":"chemise-bauhaus-02","status":"publish","type":"product","link":"https:\/\/www.gossuin.com\/fr\/produit\/chemise-bauhaus-02\/","title":{"rendered":"BAUHAUS 02"},"content":{"rendered":"<p>Un col simple mais original avec une pointe de 7cm et des courbes g\u00e9n\u00e9reuses inspir\u00e9es des ann\u00e9es 20. Un parement partant de la poitrine vient finir le col et mettre en valeur votre ligne de cou. Disponible en pr\u00e9commande dans deux tissus 100% coton PIMA am\u00e9ricain: un Oxford blanc optique et un ray\u00e9 bleu clair et blanc.<\/p>\n","protected":false},"excerpt":{"rendered":"<ol>\n<li>Un col simple mais original, avec une belle pointe et des courbes g\u00e9n\u00e9reuses : la chemise Oxford id\u00e9ale.<\/li>\n<li>Le parement, qui commence sur le torse, tient le col bien droit et met en valeur son porteur.<\/li>\n<li>Un Oxford robuste et facile \u00e0 porter, qui vous accompagnera pendant des ann\u00e9es.<\/li>\n<li>La deuxi\u00e8me \u00e9dition de <a href=\"https:\/\/www.gossuin.com\/fr\/produit\/chemise-bauhaus-01\/\">BAUHAUS 01<\/a>, avec une coupe am\u00e9lior\u00e9e pour plus d&rsquo;aisance.<\/li>\n<\/ol>\n","protected":false},"featured_media":11526,"template":"","meta":{"_acf_changed":false},"product_brand":[],"product_cat":[62],"product_tag":[99],"class_list":{"0":"post-11441","1":"product","2":"type-product","3":"status-publish","4":"has-post-thumbnail","6":"product_cat-chemise","7":"product_tag-bauhaus-fr","8":"product_shipping_class-chemise","10":"first","11":"instock","12":"sale","13":"taxable","14":"shipping-taxable","15":"purchasable","16":"product-type-variable","17":"has-default-attributes"},"acf":[],"aioseo_notices":[],"_links":{"self":[{"href":"https:\/\/www.gossuin.com\/fr\/wp-json\/wp\/v2\/product\/11441","targetHints":{"allow":["GET"]}}],"collection":[{"href":"https:\/\/www.gossuin.com\/fr\/wp-json\/wp\/v2\/product"}],"about":[{"href":"https:\/\/www.gossuin.com\/fr\/wp-json\/wp\/v2\/types\/product"}],"wp:featuredmedia":[{"embeddable":true,"href":"https:\/\/www.gossuin.com\/fr\/wp-json\/wp\/v2\/media\/11526"}],"wp:attachment":[{"href":"https:\/\/www.gossuin.com\/fr\/wp-json\/wp\/v2\/media?parent=11441"}],"wp:term":[{"taxonomy":"product_brand","embeddable":true,"href":"https:\/\/www.gossuin.com\/fr\/wp-json\/wp\/v2\/product_brand?post=11441"},{"taxonomy":"product_cat","embeddable":true,"href":"https:\/\/www.gossuin.com\/fr\/wp-json\/wp\/v2\/product_cat?post=11441"},{"taxonomy":"product_tag","embeddable":true,"href":"https:\/\/www.gossuin.com\/fr\/wp-json\/wp\/v2\/product_tag?post=11441"}],"curies":[{"name":"wp","href":"https:\/\/api.w.org\/{rel}","templated":true}]}}