{"id":11691,"date":"2024-10-31T15:59:06","date_gmt":"2024-10-31T14:59:06","guid":{"rendered":"https:\/\/www.gossuin.com\/?post_type=product&#038;p=11691"},"modified":"2026-04-16T21:20:53","modified_gmt":"2026-04-16T19:20:53","slug":"col-roule-gaston-03","status":"publish","type":"product","link":"https:\/\/www.gossuin.com\/fr\/produit\/col-roule-gaston-03\/","title":{"rendered":"GASTON 03"},"content":{"rendered":"<p>Un col roul\u00e9 en laine m\u00e9rinos sans mulesing et extra douce. Facile comme un sweatshirt. Les parties sup\u00e9rieures sont doubl\u00e9es pour cr\u00e9er un coussin d&rsquo;air chaud et respirant. La laine m\u00e9rinos est thermo-r\u00e9gulatrice, jamais trop chaude ni froide. Disponible en plusieurs couleurs qui raviveront votre vestiaire hivernal. Le pull tricot\u00e9 en pi\u00e8ces est fait en Europe du fil \u00e0 la confection.<\/p>\n","protected":false},"excerpt":{"rendered":"<ul>\n<li>Un col roul\u00e9 tricot\u00e9 en pi\u00e8ces, robuste et durable, \u00e0 porter comme un sweatshirt.<\/li>\n<li>Parties sup\u00e9rieures doubl\u00e9es pour cr\u00e9er un coussin d&rsquo;air chaud.<\/li>\n<li>850g de laine m\u00e9rinos extra fine, lavable machine, douce, ne grattant pas et jamais trop chaude.<\/li>\n<li>La 3\u00e8me version de notre best seller <a href=\"https:\/\/www.gossuin.com\/fr\/produit\/col-roule-gaston-02\/\">GASTON 02<\/a>, coupe revisit\u00e9e pour plus de confort, + de 3300 clients satisfaits.<\/li>\n<li>S\u2019accorde parfaitement avec notre t-shirt manches longues <a href=\"https:\/\/www.gossuin.com\/fr\/produit\/tshirt-zowie-02-manches-longues\/\">ZOWIE 02<\/a>.<\/li>\n<\/ul>\n","protected":false},"featured_media":11934,"template":"","meta":{"_acf_changed":false},"product_brand":[],"product_cat":[106],"product_tag":[],"class_list":{"0":"post-11691","1":"product","2":"type-product","3":"status-publish","4":"has-post-thumbnail","6":"product_cat-maille","8":"first","9":"instock","10":"sale","11":"taxable","12":"shipping-taxable","13":"purchasable","14":"product-type-variable","15":"has-default-attributes"},"acf":[],"aioseo_notices":[],"_links":{"self":[{"href":"https:\/\/www.gossuin.com\/fr\/wp-json\/wp\/v2\/product\/11691","targetHints":{"allow":["GET"]}}],"collection":[{"href":"https:\/\/www.gossuin.com\/fr\/wp-json\/wp\/v2\/product"}],"about":[{"href":"https:\/\/www.gossuin.com\/fr\/wp-json\/wp\/v2\/types\/product"}],"wp:featuredmedia":[{"embeddable":true,"href":"https:\/\/www.gossuin.com\/fr\/wp-json\/wp\/v2\/media\/11934"}],"wp:attachment":[{"href":"https:\/\/www.gossuin.com\/fr\/wp-json\/wp\/v2\/media?parent=11691"}],"wp:term":[{"taxonomy":"product_brand","embeddable":true,"href":"https:\/\/www.gossuin.com\/fr\/wp-json\/wp\/v2\/product_brand?post=11691"},{"taxonomy":"product_cat","embeddable":true,"href":"https:\/\/www.gossuin.com\/fr\/wp-json\/wp\/v2\/product_cat?post=11691"},{"taxonomy":"product_tag","embeddable":true,"href":"https:\/\/www.gossuin.com\/fr\/wp-json\/wp\/v2\/product_tag?post=11691"}],"curies":[{"name":"wp","href":"https:\/\/api.w.org\/{rel}","templated":true}]}}