{"id":12965,"date":"2025-03-04T08:16:08","date_gmt":"2025-03-04T07:16:08","guid":{"rendered":"https:\/\/www.gossuin.com\/?post_type=product&#038;p=12965"},"modified":"2026-04-22T09:23:58","modified_gmt":"2026-04-22T07:23:58","slug":"tshirt-zowie-02-manches-longues","status":"publish","type":"product","link":"https:\/\/www.gossuin.com\/fr\/produit\/tshirt-zowie-02-manches-longues\/","title":{"rendered":"ZOWIE 02 ML"},"content":{"rendered":"<p>ZOWIE 02 est notre deuxi\u00e8me T-shirt. Cette version manches longues en coton biologique 100 %, 270 g\/m\u00b2, est l\u00e9g\u00e8rement gratt\u00e9e \u00e0 l\u2019int\u00e9rieur pour offrir une main douce et r\u00e9confortante. Elle est disponible en blanc, bleu haddock, rouge, jaune \u00e9pic\u00e9 et marron terra. Son originalit\u00e9 r\u00e9side dans un col unique, pens\u00e9 pour \u00eatre aussi \u00e9l\u00e9gant en sous-couche qu\u2019en pi\u00e8ce port\u00e9e seule. Comme toujours chez GOSSUIN, chaque d\u00e9tail est travaill\u00e9 avec soin : \u00e9paule italienne, bandes de propret\u00e9 au col, finitions impeccables.<\/p>\n","protected":false},"excerpt":{"rendered":"<ol>\n<li>Un col \u00e0 la structure unique, authentique et avec du caract\u00e8re.<\/li>\n<li>Un tissu extra-doux de 270 g\/m\u00b2, d\u00e9licatement gratt\u00e9 \u00e0 l\u2019int\u00e9rieur pour plus de confort.<\/li>\n<li>Enti\u00e8rement fabriqu\u00e9 au Portugal du tricot \u00e0 la confection.<\/li>\n<li>Forme un duo id\u00e9al avec le pull <a href=\"https:\/\/www.gossuin.com\/fr\/produit\/col-roule-gaston-03\/\">GASTON 03<\/a> assorti.<\/li>\n<\/ol>\n","protected":false},"featured_media":13599,"template":"","meta":{"_acf_changed":false},"product_brand":[],"product_cat":[269,169],"product_tag":[],"class_list":{"0":"post-12965","1":"product","2":"type-product","3":"status-publish","4":"has-post-thumbnail","6":"product_cat-en-precommande","7":"product_cat-tshirt-fr","9":"first","10":"instock","11":"sale","12":"taxable","13":"shipping-taxable","14":"purchasable","15":"product-type-variable","16":"has-default-attributes"},"acf":[],"aioseo_notices":[],"_links":{"self":[{"href":"https:\/\/www.gossuin.com\/fr\/wp-json\/wp\/v2\/product\/12965","targetHints":{"allow":["GET"]}}],"collection":[{"href":"https:\/\/www.gossuin.com\/fr\/wp-json\/wp\/v2\/product"}],"about":[{"href":"https:\/\/www.gossuin.com\/fr\/wp-json\/wp\/v2\/types\/product"}],"wp:featuredmedia":[{"embeddable":true,"href":"https:\/\/www.gossuin.com\/fr\/wp-json\/wp\/v2\/media\/13599"}],"wp:attachment":[{"href":"https:\/\/www.gossuin.com\/fr\/wp-json\/wp\/v2\/media?parent=12965"}],"wp:term":[{"taxonomy":"product_brand","embeddable":true,"href":"https:\/\/www.gossuin.com\/fr\/wp-json\/wp\/v2\/product_brand?post=12965"},{"taxonomy":"product_cat","embeddable":true,"href":"https:\/\/www.gossuin.com\/fr\/wp-json\/wp\/v2\/product_cat?post=12965"},{"taxonomy":"product_tag","embeddable":true,"href":"https:\/\/www.gossuin.com\/fr\/wp-json\/wp\/v2\/product_tag?post=12965"}],"curies":[{"name":"wp","href":"https:\/\/api.w.org\/{rel}","templated":true}]}}