{"id":14054,"date":"2025-12-17T16:42:09","date_gmt":"2025-12-17T15:42:09","guid":{"rendered":"https:\/\/www.gossuin.com\/?post_type=product&#038;p=14054"},"modified":"2026-03-11T10:35:26","modified_gmt":"2026-03-11T09:35:26","slug":"col-rond-rosa-parks-01","status":"publish","type":"product","link":"https:\/\/www.gossuin.com\/fr\/produit\/col-rond-rosa-parks-01\/","title":{"rendered":"ROSA PARKS 01"},"content":{"rendered":"<p>Un pull col rond en laine M\u00e9rinos d&rsquo;une douceur exceptionnelle. Facile \u00e0 vivre comme la laine, doux comme le cachemire. La partie sup\u00e9rieure des \u00e9paules est doubl\u00e9e pour cr\u00e9er un coussin d&rsquo;air isolant. La maille est tricot\u00e9e souple, ce qui en fait une pi\u00e8ce tr\u00e8s respirante. Naturellement thermor\u00e9gulante, la laine M\u00e9rinos ne tient jamais trop chaud. Disponible en plusieurs coloris en pr\u00e9commande. Ce pull <i data-path-to-node=\"1\" data-index-in-node=\"407\">fully fashioned<\/i> est 100% fabriqu\u00e9 en Europe.<\/p>\n","protected":false},"excerpt":{"rendered":"<ul>\n<li>Un col rond en laine <em>fully fashioned<\/em>, durable et aussi doux que le cachemire.<\/li>\n<li>\u00c9paules doubl\u00e9es pour cr\u00e9er un coussin d&rsquo;air isolant et structurer la silhouette.<\/li>\n<li>600g de laine M\u00e9rinos Extra Fine lavable en machine. Ne gratte pas et ne tient jamais trop chaud.<\/li>\n<\/ul>\n","protected":false},"featured_media":14214,"template":"","meta":{"_acf_changed":false},"product_brand":[],"product_cat":[226,106],"product_tag":[],"class_list":{"0":"post-14054","1":"product","2":"type-product","3":"status-publish","4":"has-post-thumbnail","6":"product_cat-export-fr","7":"product_cat-maille","9":"first","10":"instock","11":"taxable","12":"shipping-taxable","13":"purchasable","14":"product-type-variable","15":"has-default-attributes"},"acf":[],"aioseo_notices":[],"_links":{"self":[{"href":"https:\/\/www.gossuin.com\/fr\/wp-json\/wp\/v2\/product\/14054","targetHints":{"allow":["GET"]}}],"collection":[{"href":"https:\/\/www.gossuin.com\/fr\/wp-json\/wp\/v2\/product"}],"about":[{"href":"https:\/\/www.gossuin.com\/fr\/wp-json\/wp\/v2\/types\/product"}],"wp:featuredmedia":[{"embeddable":true,"href":"https:\/\/www.gossuin.com\/fr\/wp-json\/wp\/v2\/media\/14214"}],"wp:attachment":[{"href":"https:\/\/www.gossuin.com\/fr\/wp-json\/wp\/v2\/media?parent=14054"}],"wp:term":[{"taxonomy":"product_brand","embeddable":true,"href":"https:\/\/www.gossuin.com\/fr\/wp-json\/wp\/v2\/product_brand?post=14054"},{"taxonomy":"product_cat","embeddable":true,"href":"https:\/\/www.gossuin.com\/fr\/wp-json\/wp\/v2\/product_cat?post=14054"},{"taxonomy":"product_tag","embeddable":true,"href":"https:\/\/www.gossuin.com\/fr\/wp-json\/wp\/v2\/product_tag?post=14054"}],"curies":[{"name":"wp","href":"https:\/\/api.w.org\/{rel}","templated":true}]}}