{"id":1839,"date":"2018-12-13T20:07:46","date_gmt":"2018-12-13T19:07:46","guid":{"rendered":"https:\/\/staging2021.gossuin.com\/product\/alpha-0i\/"},"modified":"2025-10-02T07:54:33","modified_gmt":"2025-10-02T05:54:33","slug":"chemise-alpha-01","status":"publish","type":"product","link":"https:\/\/www.gossuin.com\/fr\/produit\/chemise-alpha-01\/","title":{"rendered":"ALPHA 01"},"content":{"rendered":"<ul>\n<li id=\"characteristics\">Col piqu\u00e9 haut de 5.5cm, aucun bouton sur le pied de col, parementures, poignet simple bouton, coutures ton sur ton.<\/li>\n<li id=\"construction\">Architecture chemise GOSSUIN. Dos en \u00ab\u00a0V\u00a0\u00bb (panneau de tissu dans le biais le long de la couture centrale), poignet d\u00e9coup\u00e9, manche droite en deux morceaux, boutonni\u00e8re de manche d\u00e9port\u00e9e, emmanchure \u00e0 coutures d\u00e9cal\u00e9es (les manches sont mont\u00e9es apr\u00e8s le corps de la chemise), bas de chemise GOSSUIN.<\/li>\n<li id=\"fabric\">Blanc, 100% coton, Oxford double retors tiss\u00e9 en R\u00e9publique Tch\u00e8que. Triplures tiss\u00e9es.<\/li>\n<li id=\"button\">Boutons en nacre v\u00e9ritable sourc\u00e9s en Allemagne et issus d&rsquo;un coquillage vietnamien. Montage bouton sur queue.<\/li>\n<li id=\"manufacturing\">Fabriqu\u00e9 avec pr\u00e9cision et soin en Lituanie \u00e0 Ukmerge.<\/li>\n<\/ul>\n","protected":false},"excerpt":{"rendered":"<ol>\n<li>une chemise mi-saison blanche qui revisite le col piqu\u00e9, un classique chez GOSSUIN.<\/li>\n<li>Le col est structur\u00e9 par deux parementures qui soulignent le visage et assurent qu\u2019il reste bien droit, que vous portiez la chemise seule, dans un pull ou une veste.<\/li>\n<li>Pens\u00e9e comme une toile blanche, la chemise incarne parfaitement l\u2019esprit GOSSUIN: bien faite, originale, versatile et facile \u00e0 porter. La coupe est ajust\u00e9e mais PAS slim.<\/li>\n<\/ol>\n","protected":false},"featured_media":1840,"template":"","meta":{"_acf_changed":false},"product_brand":[],"product_cat":[62],"product_tag":[63,64,69,68,65,67,66],"class_list":{"0":"post-1839","1":"product","2":"type-product","3":"status-publish","4":"has-post-thumbnail","6":"product_cat-chemise","7":"product_tag-alpha-fr","8":"product_tag-alpha-01-fr","9":"product_tag-blanche","10":"product_tag-chemise","11":"product_tag-oxford-fr","12":"product_tag-pique","13":"product_tag-uni","14":"product_shipping_class-chemise","16":"first","17":"outofstock","18":"taxable","19":"shipping-taxable","20":"purchasable","21":"product-type-variable"},"acf":[],"aioseo_notices":[],"_links":{"self":[{"href":"https:\/\/www.gossuin.com\/fr\/wp-json\/wp\/v2\/product\/1839","targetHints":{"allow":["GET"]}}],"collection":[{"href":"https:\/\/www.gossuin.com\/fr\/wp-json\/wp\/v2\/product"}],"about":[{"href":"https:\/\/www.gossuin.com\/fr\/wp-json\/wp\/v2\/types\/product"}],"wp:featuredmedia":[{"embeddable":true,"href":"https:\/\/www.gossuin.com\/fr\/wp-json\/wp\/v2\/media\/1840"}],"wp:attachment":[{"href":"https:\/\/www.gossuin.com\/fr\/wp-json\/wp\/v2\/media?parent=1839"}],"wp:term":[{"taxonomy":"product_brand","embeddable":true,"href":"https:\/\/www.gossuin.com\/fr\/wp-json\/wp\/v2\/product_brand?post=1839"},{"taxonomy":"product_cat","embeddable":true,"href":"https:\/\/www.gossuin.com\/fr\/wp-json\/wp\/v2\/product_cat?post=1839"},{"taxonomy":"product_tag","embeddable":true,"href":"https:\/\/www.gossuin.com\/fr\/wp-json\/wp\/v2\/product_tag?post=1839"}],"curies":[{"name":"wp","href":"https:\/\/api.w.org\/{rel}","templated":true}]}}