{"id":4604,"date":"2020-10-14T15:26:18","date_gmt":"2020-10-14T13:26:18","guid":{"rendered":"https:\/\/staging2021.gossuin.com\/product\/chemise-reverso-01\/"},"modified":"2025-04-17T20:31:10","modified_gmt":"2025-04-17T18:31:10","slug":"chemise-reverso-01","status":"publish","type":"product","link":"https:\/\/www.gossuin.com\/fr\/produit\/chemise-reverso-01\/","title":{"rendered":"REVERSO 01"},"content":{"rendered":"<ul>\n<li id=\"characteristics\">Col retournable haut de 5.5cm, bouton sur le pied de col, parementure int\u00e9grale, poignet simple bouton, coutures ton sur ton.<\/li>\n<li id=\"construction\">Architecture chemise GOSSUIN. Dos en \u201cV\u201d (panneau de tissu dans le biais le long de la couture centrale), poignet d\u00e9coup\u00e9, manche droite en deux morceaux, boutonni\u00e8re de manche d\u00e9port\u00e9e, emmanchure \u00e0 coutures d\u00e9cal\u00e9es (les manches sont mont\u00e9es apr\u00e8s le corps de la chemise), bas de chemise GOSSUIN.<\/li>\n<li id=\"fabric\">Blanc, 100% coton, Oxford double retors tiss\u00e9 en R\u00e9publique Tch\u00e8que. Triplures tiss\u00e9es.<\/li>\n<li id=\"button\">Boutons en nacre v\u00e9ritable sourc\u00e9s en Allemagne et issus d\u2019un coquillage vietnamien. Montage bouton sur queue.<\/li>\n<li id=\"manufacturing\">Fabriqu\u00e9 avec pr\u00e9cision et soin en Lituanie \u00e0 Ukmerge.<\/li>\n<\/ul>\n","protected":false},"excerpt":{"rendered":"<ul>\n<li>Le col de la Reverso 01 se bascule en un geste pour cr\u00e9er plusieurs styles de cols qui transforment la chemise.<\/li>\n<li>Nous avons s\u00e9lectionn\u00e9 3 tissus mi-saison, fins et faciles \u00e0 porter qui donnent \u00e0 la chemise un caract\u00e8re unique.<\/li>\n<li>Disponible dans un twill blanc, un oxford ray\u00e9 rouge &#038; blanc et un denim italien bleu indigo.<\/li>\n<\/ul>\n","protected":false},"featured_media":4794,"template":"","meta":{"_acf_changed":false},"product_brand":[],"product_cat":[62],"product_tag":[69,68,93,65,94],"class_list":{"0":"post-4604","1":"product","2":"type-product","3":"status-publish","4":"has-post-thumbnail","6":"product_cat-chemise","7":"product_tag-blanche","8":"product_tag-chemise","9":"product_tag-denim-fr","10":"product_tag-oxford-fr","11":"product_tag-reverso-fr","12":"product_shipping_class-chemise","14":"first","15":"outofstock","16":"sale","17":"taxable","18":"shipping-taxable","19":"purchasable","20":"product-type-variable","21":"has-default-attributes"},"acf":[],"aioseo_notices":[],"_links":{"self":[{"href":"https:\/\/www.gossuin.com\/fr\/wp-json\/wp\/v2\/product\/4604","targetHints":{"allow":["GET"]}}],"collection":[{"href":"https:\/\/www.gossuin.com\/fr\/wp-json\/wp\/v2\/product"}],"about":[{"href":"https:\/\/www.gossuin.com\/fr\/wp-json\/wp\/v2\/types\/product"}],"wp:featuredmedia":[{"embeddable":true,"href":"https:\/\/www.gossuin.com\/fr\/wp-json\/wp\/v2\/media\/4794"}],"wp:attachment":[{"href":"https:\/\/www.gossuin.com\/fr\/wp-json\/wp\/v2\/media?parent=4604"}],"wp:term":[{"taxonomy":"product_brand","embeddable":true,"href":"https:\/\/www.gossuin.com\/fr\/wp-json\/wp\/v2\/product_brand?post=4604"},{"taxonomy":"product_cat","embeddable":true,"href":"https:\/\/www.gossuin.com\/fr\/wp-json\/wp\/v2\/product_cat?post=4604"},{"taxonomy":"product_tag","embeddable":true,"href":"https:\/\/www.gossuin.com\/fr\/wp-json\/wp\/v2\/product_tag?post=4604"}],"curies":[{"name":"wp","href":"https:\/\/api.w.org\/{rel}","templated":true}]}}