{"id":5301,"date":"2021-06-20T17:54:46","date_gmt":"2021-06-20T15:54:46","guid":{"rendered":"https:\/\/staging2021.gossuin.com\/product\/chemise-bauhaus-01\/"},"modified":"2026-03-26T21:48:49","modified_gmt":"2026-03-26T20:48:49","slug":"chemise-bauhaus-01","status":"publish","type":"product","link":"https:\/\/www.gossuin.com\/fr\/produit\/chemise-bauhaus-01\/","title":{"rendered":"BAUHAUS 01"},"content":{"rendered":"<p>Un col simple mais original avec une pointe de 7cm et des courbes g\u00e9n\u00e9reuses inspir\u00e9es des ann\u00e9es 20. Un parement partant de la poitrine vient finir le col et mettre en valeur votre ligne de cou. Disponible en pr\u00e9commande dans deux tissus 100% coton PIMA am\u00e9ricain: un Oxford blanc optique l\u00e9ger et une popeline fine ray\u00e9 bleu et blanche. La chemise est made in Europe et bas\u00e9e sur l&rsquo;architecture de chemise GOSSUIN.<\/p>\n","protected":false},"excerpt":{"rendered":"<ol>\n<li>Un col simple mais original avec une belle pointe et des courbes g\u00e9n\u00e9reuses, l&rsquo;essentiel parfait<\/li>\n<li>Un parement commen\u00e7ant sur le torse pour venir finir le col et mettre en valeur votre cou<\/li>\n<li>Deux tissus mi-saison made in Europe, 100% coton PIMA am\u00e9ricain, doux et l\u00e9gers<\/li>\n<\/ol>\n","protected":false},"featured_media":5283,"template":"","meta":{"_acf_changed":false},"product_brand":[],"product_cat":[62],"product_tag":[99,100],"class_list":{"0":"post-5301","1":"product","2":"type-product","3":"status-publish","4":"has-post-thumbnail","6":"product_cat-chemise","7":"product_tag-bauhaus-fr","8":"product_tag-bauhaus-01-fr","9":"product_shipping_class-chemise","11":"first","12":"instock","13":"sale","14":"taxable","15":"shipping-taxable","16":"purchasable","17":"product-type-variable","18":"has-default-attributes"},"acf":[],"aioseo_notices":[],"_links":{"self":[{"href":"https:\/\/www.gossuin.com\/fr\/wp-json\/wp\/v2\/product\/5301","targetHints":{"allow":["GET"]}}],"collection":[{"href":"https:\/\/www.gossuin.com\/fr\/wp-json\/wp\/v2\/product"}],"about":[{"href":"https:\/\/www.gossuin.com\/fr\/wp-json\/wp\/v2\/types\/product"}],"wp:featuredmedia":[{"embeddable":true,"href":"https:\/\/www.gossuin.com\/fr\/wp-json\/wp\/v2\/media\/5283"}],"wp:attachment":[{"href":"https:\/\/www.gossuin.com\/fr\/wp-json\/wp\/v2\/media?parent=5301"}],"wp:term":[{"taxonomy":"product_brand","embeddable":true,"href":"https:\/\/www.gossuin.com\/fr\/wp-json\/wp\/v2\/product_brand?post=5301"},{"taxonomy":"product_cat","embeddable":true,"href":"https:\/\/www.gossuin.com\/fr\/wp-json\/wp\/v2\/product_cat?post=5301"},{"taxonomy":"product_tag","embeddable":true,"href":"https:\/\/www.gossuin.com\/fr\/wp-json\/wp\/v2\/product_tag?post=5301"}],"curies":[{"name":"wp","href":"https:\/\/api.w.org\/{rel}","templated":true}]}}