{"id":5607,"date":"2021-11-23T15:23:44","date_gmt":"2021-11-23T14:23:44","guid":{"rendered":"https:\/\/staging2021.gossuin.com\/product\/col-roule-gaston-01\/"},"modified":"2024-10-07T21:39:20","modified_gmt":"2024-10-07T19:39:20","slug":"col-roule-gaston-01","status":"publish","type":"product","link":"https:\/\/www.gossuin.com\/fr\/produit\/col-roule-gaston-01\/","title":{"rendered":"GASTON 01"},"content":{"rendered":"<p>Un col roul\u00e9 en laine m\u00e9rinos mulesing free et extra douce. Facile comme un sweatshirt. Les parties sup\u00e9rieures sont doubl\u00e9es pour cr\u00e9er un coussin d&rsquo;air chaud. La maille n&rsquo;est pas trop serr\u00e9e et respire. La laine m\u00e9rinos est thermo-r\u00e9gulatrice, jamais trop chaude ni froide. Disponible en vert Br\u00e9silien et bleu fonc\u00e9. Le pull tricot\u00e9 en pi\u00e8ces est Made in Europe.<\/p>\n","protected":false},"excerpt":{"rendered":"<ul>\n<li>Un col roul\u00e9 robuste, tricot\u00e9 en pi\u00e8ces, \u00e0 porter comme un sweatshirt.<\/li>\n<li>Parties sup\u00e9rieurs doubl\u00e9es pour cr\u00e9er un coussin d&rsquo;air chaud.<\/li>\n<li>665g de laine m\u00e9rinos extra fine, douce, non-grattante et jamais trop chaude.<\/li>\n<\/ul>\n","protected":false},"featured_media":5560,"template":"","meta":{"_acf_changed":false},"product_brand":[],"product_cat":[106],"product_tag":[],"class_list":{"0":"post-5607","1":"product","2":"type-product","3":"status-publish","4":"has-post-thumbnail","6":"product_cat-maille","8":"first","9":"outofstock","10":"taxable","11":"shipping-taxable","12":"purchasable","13":"product-type-variable","14":"has-default-attributes"},"acf":[],"aioseo_notices":[],"_links":{"self":[{"href":"https:\/\/www.gossuin.com\/fr\/wp-json\/wp\/v2\/product\/5607","targetHints":{"allow":["GET"]}}],"collection":[{"href":"https:\/\/www.gossuin.com\/fr\/wp-json\/wp\/v2\/product"}],"about":[{"href":"https:\/\/www.gossuin.com\/fr\/wp-json\/wp\/v2\/types\/product"}],"wp:featuredmedia":[{"embeddable":true,"href":"https:\/\/www.gossuin.com\/fr\/wp-json\/wp\/v2\/media\/5560"}],"wp:attachment":[{"href":"https:\/\/www.gossuin.com\/fr\/wp-json\/wp\/v2\/media?parent=5607"}],"wp:term":[{"taxonomy":"product_brand","embeddable":true,"href":"https:\/\/www.gossuin.com\/fr\/wp-json\/wp\/v2\/product_brand?post=5607"},{"taxonomy":"product_cat","embeddable":true,"href":"https:\/\/www.gossuin.com\/fr\/wp-json\/wp\/v2\/product_cat?post=5607"},{"taxonomy":"product_tag","embeddable":true,"href":"https:\/\/www.gossuin.com\/fr\/wp-json\/wp\/v2\/product_tag?post=5607"}],"curies":[{"name":"wp","href":"https:\/\/api.w.org\/{rel}","templated":true}]}}