{"id":5886,"date":"2022-04-27T19:35:11","date_gmt":"2022-04-27T17:35:11","guid":{"rendered":"https:\/\/staging2021.gossuin.com\/product\/chemise-hellenice-01\/"},"modified":"2026-04-15T15:44:44","modified_gmt":"2026-04-15T13:44:44","slug":"chemise-hellenice-01","status":"publish","type":"product","link":"https:\/\/www.gossuin.com\/fr\/produit\/chemise-hellenice-01\/","title":{"rendered":"HELLENICE 01"},"content":{"rendered":"<p>HELLENICE 01 est facile comme une surchemise. Portez l\u00e0 toute la semaine, avec ou sans t-shirt. La chemise a une pointe de col arrondie avec poche et poignets assortis. Plus solide qu&rsquo;une chemise classique mais plus l\u00e9g\u00e8re qu&rsquo;une surchemise habituelle. Disponible dans un oxford bleu ciel, un denim fonc\u00e9 non lav\u00e9 et un superbe kaki dans un mix coton-lin. Fait en Europe et bas\u00e9 sur l&rsquo;architecture GOSSUIN pens\u00e9e pour plus de confort et un meilleur fit.<\/p>\n","protected":false},"excerpt":{"rendered":"<ol>\n<li>A porter toute la semaine avec ou sans t-shirt<\/li>\n<li>Une pointe de col arrondie avec poche poitrine plaqu\u00e9e et poignets en rappel<\/li>\n<li>Disponible en 3 tissus robustes et faciles \u00e0 porter<\/li>\n<\/ol>\n","protected":false},"featured_media":6041,"template":"","meta":{"_acf_changed":false},"product_brand":[],"product_cat":[62],"product_tag":[68],"class_list":{"0":"post-5886","1":"product","2":"type-product","3":"status-publish","4":"has-post-thumbnail","6":"product_cat-chemise","7":"product_tag-chemise","9":"first","10":"instock","11":"sale","12":"taxable","13":"shipping-taxable","14":"purchasable","15":"product-type-variable","16":"has-default-attributes"},"acf":[],"aioseo_notices":[],"_links":{"self":[{"href":"https:\/\/www.gossuin.com\/fr\/wp-json\/wp\/v2\/product\/5886","targetHints":{"allow":["GET"]}}],"collection":[{"href":"https:\/\/www.gossuin.com\/fr\/wp-json\/wp\/v2\/product"}],"about":[{"href":"https:\/\/www.gossuin.com\/fr\/wp-json\/wp\/v2\/types\/product"}],"wp:featuredmedia":[{"embeddable":true,"href":"https:\/\/www.gossuin.com\/fr\/wp-json\/wp\/v2\/media\/6041"}],"wp:attachment":[{"href":"https:\/\/www.gossuin.com\/fr\/wp-json\/wp\/v2\/media?parent=5886"}],"wp:term":[{"taxonomy":"product_brand","embeddable":true,"href":"https:\/\/www.gossuin.com\/fr\/wp-json\/wp\/v2\/product_brand?post=5886"},{"taxonomy":"product_cat","embeddable":true,"href":"https:\/\/www.gossuin.com\/fr\/wp-json\/wp\/v2\/product_cat?post=5886"},{"taxonomy":"product_tag","embeddable":true,"href":"https:\/\/www.gossuin.com\/fr\/wp-json\/wp\/v2\/product_tag?post=5886"}],"curies":[{"name":"wp","href":"https:\/\/api.w.org\/{rel}","templated":true}]}}