{"id":7628,"date":"2023-04-01T14:41:20","date_gmt":"2023-04-01T12:41:20","guid":{"rendered":"https:\/\/www.gossuin.com\/product\/alpha-02\/"},"modified":"2026-02-24T13:12:27","modified_gmt":"2026-02-24T12:12:27","slug":"chemise-alpha-02","status":"publish","type":"product","link":"https:\/\/www.gossuin.com\/fr\/produit\/chemise-alpha-02\/","title":{"rendered":"ALPHA 02"},"content":{"rendered":"<p>ALPHA 02 est une chemise \u00ab\u00a0button-down\u00a0\u00bb revisit\u00e9e car notre col unique est piqu\u00e9 et pas boutonn\u00e9. Parfaite pour toutes les occasions, ALPHA 02 est disponible dans 3 tissus avec chacun leur propre caract\u00e8re. Comme toute chemise GOSSUIN, ALPHA 02 est un condens\u00e9 de d\u00e9tails minutieusement ex\u00e9cut\u00e9s pens\u00e9s pour le confort et la durabilit\u00e9. ALPHA est faite en Europe du tissu \u00e0 la finition.<\/p>\n","protected":false},"excerpt":{"rendered":"<ol>\n<li>Une chemise button-down revisit\u00e9e avec un col cousu plut\u00f4t que boutonn\u00e9. La deuxi\u00e8me version de notre best-seller <a href=\"https:\/\/www.gossuin.com\/fr\/produit\/chemise-alpha-01\/\">ALPHA 01<\/a>.<\/li>\n<li>Le col est structur\u00e9 par deux parementures qui donnent au col de la tenue, plus de maintien et mettent en valeur votre visage.<\/li>\n<li>Choisissez parmi trois tissus de caract\u00e8re, chacun avec un look et une main particuli\u00e8re. Coupe ajust\u00e9e mais pas slim.<\/li>\n<\/ol>\n","protected":false},"featured_media":7668,"template":"","meta":{"_acf_changed":false},"product_brand":[],"product_cat":[62],"product_tag":[],"class_list":{"0":"post-7628","1":"product","2":"type-product","3":"status-publish","4":"has-post-thumbnail","6":"product_cat-chemise","8":"first","9":"instock","10":"sale","11":"taxable","12":"shipping-taxable","13":"purchasable","14":"product-type-variable","15":"has-default-attributes"},"acf":[],"aioseo_notices":[],"_links":{"self":[{"href":"https:\/\/www.gossuin.com\/fr\/wp-json\/wp\/v2\/product\/7628","targetHints":{"allow":["GET"]}}],"collection":[{"href":"https:\/\/www.gossuin.com\/fr\/wp-json\/wp\/v2\/product"}],"about":[{"href":"https:\/\/www.gossuin.com\/fr\/wp-json\/wp\/v2\/types\/product"}],"wp:featuredmedia":[{"embeddable":true,"href":"https:\/\/www.gossuin.com\/fr\/wp-json\/wp\/v2\/media\/7668"}],"wp:attachment":[{"href":"https:\/\/www.gossuin.com\/fr\/wp-json\/wp\/v2\/media?parent=7628"}],"wp:term":[{"taxonomy":"product_brand","embeddable":true,"href":"https:\/\/www.gossuin.com\/fr\/wp-json\/wp\/v2\/product_brand?post=7628"},{"taxonomy":"product_cat","embeddable":true,"href":"https:\/\/www.gossuin.com\/fr\/wp-json\/wp\/v2\/product_cat?post=7628"},{"taxonomy":"product_tag","embeddable":true,"href":"https:\/\/www.gossuin.com\/fr\/wp-json\/wp\/v2\/product_tag?post=7628"}],"curies":[{"name":"wp","href":"https:\/\/api.w.org\/{rel}","templated":true}]}}