{"id":7954,"date":"2023-05-22T18:20:39","date_gmt":"2023-05-22T16:20:39","guid":{"rendered":"https:\/\/www.gossuin.com\/product\/tshirt-zowie-01\/"},"modified":"2026-04-22T09:23:58","modified_gmt":"2026-04-22T07:23:58","slug":"tshirt-zowie-01","status":"publish","type":"product","link":"https:\/\/www.gossuin.com\/fr\/produit\/tshirt-zowie-01\/","title":{"rendered":"ZOWIE 01"},"content":{"rendered":"<p>ZOWIE 01 est notre premier t-shirt. Ce t-shirt de poids moyen (160 g\/m2) est fabriqu\u00e9 en coton 100% biologique et est disponible en blanc, bleu marine et gris chin\u00e9. Sa principale originalit\u00e9 r\u00e9side dans son col unique qui se porte aussi bien en sous-v\u00eatement qu&rsquo;en pi\u00e8ce unique. Comme toutes les pi\u00e8ces GOSSUIN, ce t-shirt pr\u00e9sente des d\u00e9tails soigneusement travaill\u00e9s : \u00e9paule italienne, emmanchure carr\u00e9e, bandes de propret\u00e9 sur les \u00e9paules et l&rsquo;arri\u00e8re du col.<\/p>\n","protected":false},"excerpt":{"rendered":"<ol>\n<li>Un col unique qui se porte facilement, seul, sous une veste, un pull ou une chemise.<\/li>\n<li>Un tissu 100% coton biologique doux, a\u00e9r\u00e9 et soyeux, ni trop l\u00e9ger ni trop lourd.<\/li>\n<li>Fabriqu\u00e9 pour durer au Portugal.<\/li>\n<\/ol>\n","protected":false},"featured_media":7912,"template":"","meta":{"_acf_changed":false},"product_brand":[],"product_cat":[169],"product_tag":[],"class_list":{"0":"post-7954","1":"product","2":"type-product","3":"status-publish","4":"has-post-thumbnail","6":"product_cat-tshirt-fr","8":"first","9":"instock","10":"sale","11":"taxable","12":"shipping-taxable","13":"purchasable","14":"product-type-variable","15":"has-default-attributes"},"acf":[],"aioseo_notices":[],"_links":{"self":[{"href":"https:\/\/www.gossuin.com\/fr\/wp-json\/wp\/v2\/product\/7954","targetHints":{"allow":["GET"]}}],"collection":[{"href":"https:\/\/www.gossuin.com\/fr\/wp-json\/wp\/v2\/product"}],"about":[{"href":"https:\/\/www.gossuin.com\/fr\/wp-json\/wp\/v2\/types\/product"}],"wp:featuredmedia":[{"embeddable":true,"href":"https:\/\/www.gossuin.com\/fr\/wp-json\/wp\/v2\/media\/7912"}],"wp:attachment":[{"href":"https:\/\/www.gossuin.com\/fr\/wp-json\/wp\/v2\/media?parent=7954"}],"wp:term":[{"taxonomy":"product_brand","embeddable":true,"href":"https:\/\/www.gossuin.com\/fr\/wp-json\/wp\/v2\/product_brand?post=7954"},{"taxonomy":"product_cat","embeddable":true,"href":"https:\/\/www.gossuin.com\/fr\/wp-json\/wp\/v2\/product_cat?post=7954"},{"taxonomy":"product_tag","embeddable":true,"href":"https:\/\/www.gossuin.com\/fr\/wp-json\/wp\/v2\/product_tag?post=7954"}],"curies":[{"name":"wp","href":"https:\/\/api.w.org\/{rel}","templated":true}]}}