{"id":8199,"date":"2023-06-17T18:06:16","date_gmt":"2023-06-17T16:06:16","guid":{"rendered":"https:\/\/www.gossuin.com\/product\/chemise-turing-01\/"},"modified":"2026-02-21T18:33:34","modified_gmt":"2026-02-21T17:33:34","slug":"chemise-turing-01","status":"publish","type":"product","link":"https:\/\/www.gossuin.com\/fr\/produit\/chemise-turing-01\/","title":{"rendered":"TURING 01"},"content":{"rendered":"<p>Vivez l&rsquo;\u00e9t\u00e9 avec TURING 01, notre chemise en lin 155g\/m2. Design sans col unique, poids qui limite le froissement, l&rsquo;\u00e9l\u00e9gance estivale r\u00e9invent\u00e9e.<\/p>\n","protected":false},"excerpt":{"rendered":"<ol>\n<li>Une chemise sans col parfaite pour l&rsquo;\u00e9t\u00e9.<\/li>\n<li>Superbe port\u00e9e seule, ouverte ou sous une veste l\u00e9g\u00e8re.<\/li>\n<li>Fabriqu\u00e9e en lin belge 155g\/m2, un poids qui offre moins de froissements en restant respirant et frais.<\/li>\n<\/ol>\n","protected":false},"featured_media":8243,"template":"","meta":{"_acf_changed":false},"product_brand":[],"product_cat":[62],"product_tag":[],"class_list":{"0":"post-8199","1":"product","2":"type-product","3":"status-publish","4":"has-post-thumbnail","6":"product_cat-chemise","8":"first","9":"instock","10":"sale","11":"taxable","12":"shipping-taxable","13":"purchasable","14":"product-type-variable","15":"has-default-attributes"},"acf":[],"aioseo_notices":[],"_links":{"self":[{"href":"https:\/\/www.gossuin.com\/fr\/wp-json\/wp\/v2\/product\/8199","targetHints":{"allow":["GET"]}}],"collection":[{"href":"https:\/\/www.gossuin.com\/fr\/wp-json\/wp\/v2\/product"}],"about":[{"href":"https:\/\/www.gossuin.com\/fr\/wp-json\/wp\/v2\/types\/product"}],"wp:featuredmedia":[{"embeddable":true,"href":"https:\/\/www.gossuin.com\/fr\/wp-json\/wp\/v2\/media\/8243"}],"wp:attachment":[{"href":"https:\/\/www.gossuin.com\/fr\/wp-json\/wp\/v2\/media?parent=8199"}],"wp:term":[{"taxonomy":"product_brand","embeddable":true,"href":"https:\/\/www.gossuin.com\/fr\/wp-json\/wp\/v2\/product_brand?post=8199"},{"taxonomy":"product_cat","embeddable":true,"href":"https:\/\/www.gossuin.com\/fr\/wp-json\/wp\/v2\/product_cat?post=8199"},{"taxonomy":"product_tag","embeddable":true,"href":"https:\/\/www.gossuin.com\/fr\/wp-json\/wp\/v2\/product_tag?post=8199"}],"curies":[{"name":"wp","href":"https:\/\/api.w.org\/{rel}","templated":true}]}}